{"id":710,"date":"2014-10-01T15:49:19","date_gmt":"2014-10-01T13:49:19","guid":{"rendered":"http:\/\/www.pittarc.pittini.it\/contacts-2\/"},"modified":"2022-08-29T11:29:56","modified_gmt":"2022-08-29T09:29:56","slug":"kontakt","status":"publish","type":"page","link":"https:\/\/www.pittarc.com\/de\/kontakt\/","title":{"rendered":"Kontakt"},"content":{"rendered":"<h2>Sprechen Sie die Fachleute von Pittarc an<\/h2>\n<p style=\"text-align: justify\">Wenn Sie spezifische Fragen zur Welt des Schwei\u00dfens haben oder mehr \u00fcber die <a href=\"https:\/\/www.pittini.it\/applicazioni\/beahead\/\">Anwendungen von Schwei\u00dfdr\u00e4hten<\/a> der Marke Pittarc erfahren m\u00f6chten, k\u00f6nnen Sie sich direkt an unser Team von Fachleuten wenden, das Ihnen gerne weiterhilft.<\/p>\n<p style=\"text-align: justify\">Wenn Sie sich \u00fcber die Anwendungsm\u00f6glichkeiten von <a href=\"https:\/\/www.pittarc.com\/chi-siamo\/\">Pittarc<\/a>-Dr\u00e4hten oder die zahlreichen internationalen Zertifizierungen informieren m\u00f6chten, stehen Ihnen die Fachleute in der Qualit\u00e4tsabteilung gerne zur Verf\u00fcgung.<\/p>\n<p style=\"text-align: justify\">Wenn Sie an einer T\u00e4tigkeit in der Welt des Schwei\u00dfens oder der Stahlproduktion interessiert sind, wenden Sie sich bitte an die Personalabteilung, um sich \u00fcber offene Stellen zu informieren und sich f\u00fcr eine hochqualifizierte Laufbahn zu bewerben.<\/p>\n<p><strong>SIAT S.p.A &#8211; PITTARC<\/strong><br \/>\n<strong>Schwei\u00dfdr\u00e4hte<\/strong><br \/>\nVia Della Cartiera, 3 &#8211; 33010 Osoppo (UD)<br \/>\nTel: +39 0432 062811 &#8211; Fax: +39 0432 062903<\/p>\n","protected":false},"excerpt":{"rendered":"<p>Sprechen Sie die Fachleute von Pittarc an Wenn Sie spezifische Fragen zur Welt des Schwei\u00dfens haben oder mehr \u00fcber die Anwendungen von Schwei\u00dfdr\u00e4hten der Marke Pittarc erfahren m\u00f6chten, k\u00f6nnen Sie sich direkt an unser [&hellip;]<\/p>\n","protected":false},"author":1,"featured_media":5471,"parent":0,"menu_order":0,"comment_status":"closed","ping_status":"closed","template":"page-contatti.php","meta":{"_acf_changed":false,"footnotes":""},"class_list":["post-710","page","type-page","status-publish","has-post-thumbnail","hentry"],"acf":[],"yoast_head":"<!-- This site is optimized with the Yoast SEO plugin v27.4 - https:\/\/yoast.com\/product\/yoast-seo-wordpress\/ -->\n<title>Kontaktieren Sie unsere Experten des Schwei\u03b2en &#8211; Pittarc<\/title>\n<meta name=\"description\" content=\"Sie haben Fragen oder Anfragen zu unserem Produktsortiment? Kontaktieren Sie unser Team von Schwei\u00dfprofis!\" \/>\n<meta name=\"robots\" content=\"index, follow, max-snippet:-1, max-image-preview:large, max-video-preview:-1\" \/>\n<link rel=\"canonical\" href=\"https:\/\/www.pittarc.com\/de\/kontakt\/\" \/>\n<meta property=\"og:locale\" content=\"de_DE\" \/>\n<meta property=\"og:type\" content=\"article\" \/>\n<meta property=\"og:title\" content=\"Kontaktieren Sie unsere Experten des Schwei\u03b2en &#8211; Pittarc\" \/>\n<meta property=\"og:description\" content=\"Sie haben Fragen oder Anfragen zu unserem Produktsortiment? Kontaktieren Sie unser Team von Schwei\u00dfprofis!\" \/>\n<meta property=\"og:url\" content=\"https:\/\/www.pittarc.com\/de\/kontakt\/\" \/>\n<meta property=\"og:site_name\" content=\"Pittarc\" \/>\n<meta property=\"article:modified_time\" content=\"2022-08-29T09:29:56+00:00\" \/>\n<meta property=\"og:image\" content=\"https:\/\/www.pittarc.com\/wp-content\/uploads\/sites\/3\/2018\/04\/header-contatti-Pittarc.jpg\" \/>\n\t<meta property=\"og:image:width\" content=\"1900\" \/>\n\t<meta property=\"og:image:height\" content=\"560\" \/>\n\t<meta property=\"og:image:type\" content=\"image\/jpeg\" \/>\n<meta name=\"twitter:label1\" content=\"Gesch\u00e4tzte Lesezeit\" \/>\n\t<meta name=\"twitter:data1\" content=\"1\u00a0Minute\" \/>\n<script type=\"application\/ld+json\" class=\"yoast-schema-graph\">{\"@context\":\"https:\\\/\\\/schema.org\",\"@graph\":[{\"@type\":\"WebPage\",\"@id\":\"https:\\\/\\\/www.pittarc.com\\\/de\\\/kontakt\\\/\",\"url\":\"https:\\\/\\\/www.pittarc.com\\\/de\\\/kontakt\\\/\",\"name\":\"Kontaktieren Sie unsere Experten des Schwei\u03b2en &#8211; Pittarc\",\"isPartOf\":{\"@id\":\"https:\\\/\\\/www.pittarc.com\\\/de\\\/#website\"},\"primaryImageOfPage\":{\"@id\":\"https:\\\/\\\/www.pittarc.com\\\/de\\\/kontakt\\\/#primaryimage\"},\"image\":{\"@id\":\"https:\\\/\\\/www.pittarc.com\\\/de\\\/kontakt\\\/#primaryimage\"},\"thumbnailUrl\":\"https:\\\/\\\/www.pittarc.com\\\/wp-content\\\/uploads\\\/sites\\\/3\\\/2025\\\/02\\\/header-contatti.jpg\",\"datePublished\":\"2014-10-01T13:49:19+00:00\",\"dateModified\":\"2022-08-29T09:29:56+00:00\",\"description\":\"Sie haben Fragen oder Anfragen zu unserem Produktsortiment? Kontaktieren Sie unser Team von Schwei\u00dfprofis!\",\"breadcrumb\":{\"@id\":\"https:\\\/\\\/www.pittarc.com\\\/de\\\/kontakt\\\/#breadcrumb\"},\"inLanguage\":\"de\",\"potentialAction\":[{\"@type\":\"ReadAction\",\"target\":[\"https:\\\/\\\/www.pittarc.com\\\/de\\\/kontakt\\\/\"]}]},{\"@type\":\"ImageObject\",\"inLanguage\":\"de\",\"@id\":\"https:\\\/\\\/www.pittarc.com\\\/de\\\/kontakt\\\/#primaryimage\",\"url\":\"https:\\\/\\\/www.pittarc.com\\\/wp-content\\\/uploads\\\/sites\\\/3\\\/2025\\\/02\\\/header-contatti.jpg\",\"contentUrl\":\"https:\\\/\\\/www.pittarc.com\\\/wp-content\\\/uploads\\\/sites\\\/3\\\/2025\\\/02\\\/header-contatti.jpg\",\"width\":1900,\"height\":560},{\"@type\":\"BreadcrumbList\",\"@id\":\"https:\\\/\\\/www.pittarc.com\\\/de\\\/kontakt\\\/#breadcrumb\",\"itemListElement\":[{\"@type\":\"ListItem\",\"position\":1,\"name\":\"Home\",\"item\":\"https:\\\/\\\/www.pittarc.com\\\/de\\\/\"},{\"@type\":\"ListItem\",\"position\":2,\"name\":\"Kontakt\"}]},{\"@type\":\"WebSite\",\"@id\":\"https:\\\/\\\/www.pittarc.com\\\/de\\\/#website\",\"url\":\"https:\\\/\\\/www.pittarc.com\\\/de\\\/\",\"name\":\"Pittarc\",\"description\":\"Ecco un altro sito Gruppo Pittini\",\"potentialAction\":[{\"@type\":\"SearchAction\",\"target\":{\"@type\":\"EntryPoint\",\"urlTemplate\":\"https:\\\/\\\/www.pittarc.com\\\/de\\\/?s={search_term_string}\"},\"query-input\":{\"@type\":\"PropertyValueSpecification\",\"valueRequired\":true,\"valueName\":\"search_term_string\"}}],\"inLanguage\":\"de\"}]}<\/script>\n<!-- \/ Yoast SEO plugin. -->","yoast_head_json":{"title":"Kontaktieren Sie unsere Experten des Schwei\u03b2en &#8211; Pittarc","description":"Sie haben Fragen oder Anfragen zu unserem Produktsortiment? Kontaktieren Sie unser Team von Schwei\u00dfprofis!","robots":{"index":"index","follow":"follow","max-snippet":"max-snippet:-1","max-image-preview":"max-image-preview:large","max-video-preview":"max-video-preview:-1"},"canonical":"https:\/\/www.pittarc.com\/de\/kontakt\/","og_locale":"de_DE","og_type":"article","og_title":"Kontaktieren Sie unsere Experten des Schwei\u03b2en &#8211; Pittarc","og_description":"Sie haben Fragen oder Anfragen zu unserem Produktsortiment? Kontaktieren Sie unser Team von Schwei\u00dfprofis!","og_url":"https:\/\/www.pittarc.com\/de\/kontakt\/","og_site_name":"Pittarc","article_modified_time":"2022-08-29T09:29:56+00:00","og_image":[{"width":1900,"height":560,"url":"https:\/\/www.pittarc.com\/wp-content\/uploads\/sites\/3\/2018\/04\/header-contatti-Pittarc.jpg","type":"image\/jpeg"}],"twitter_misc":{"Gesch\u00e4tzte Lesezeit":"1\u00a0Minute"},"schema":{"@context":"https:\/\/schema.org","@graph":[{"@type":"WebPage","@id":"https:\/\/www.pittarc.com\/de\/kontakt\/","url":"https:\/\/www.pittarc.com\/de\/kontakt\/","name":"Kontaktieren Sie unsere Experten des Schwei\u03b2en &#8211; Pittarc","isPartOf":{"@id":"https:\/\/www.pittarc.com\/de\/#website"},"primaryImageOfPage":{"@id":"https:\/\/www.pittarc.com\/de\/kontakt\/#primaryimage"},"image":{"@id":"https:\/\/www.pittarc.com\/de\/kontakt\/#primaryimage"},"thumbnailUrl":"https:\/\/www.pittarc.com\/wp-content\/uploads\/sites\/3\/2025\/02\/header-contatti.jpg","datePublished":"2014-10-01T13:49:19+00:00","dateModified":"2022-08-29T09:29:56+00:00","description":"Sie haben Fragen oder Anfragen zu unserem Produktsortiment? Kontaktieren Sie unser Team von Schwei\u00dfprofis!","breadcrumb":{"@id":"https:\/\/www.pittarc.com\/de\/kontakt\/#breadcrumb"},"inLanguage":"de","potentialAction":[{"@type":"ReadAction","target":["https:\/\/www.pittarc.com\/de\/kontakt\/"]}]},{"@type":"ImageObject","inLanguage":"de","@id":"https:\/\/www.pittarc.com\/de\/kontakt\/#primaryimage","url":"https:\/\/www.pittarc.com\/wp-content\/uploads\/sites\/3\/2025\/02\/header-contatti.jpg","contentUrl":"https:\/\/www.pittarc.com\/wp-content\/uploads\/sites\/3\/2025\/02\/header-contatti.jpg","width":1900,"height":560},{"@type":"BreadcrumbList","@id":"https:\/\/www.pittarc.com\/de\/kontakt\/#breadcrumb","itemListElement":[{"@type":"ListItem","position":1,"name":"Home","item":"https:\/\/www.pittarc.com\/de\/"},{"@type":"ListItem","position":2,"name":"Kontakt"}]},{"@type":"WebSite","@id":"https:\/\/www.pittarc.com\/de\/#website","url":"https:\/\/www.pittarc.com\/de\/","name":"Pittarc","description":"Ecco un altro sito Gruppo Pittini","potentialAction":[{"@type":"SearchAction","target":{"@type":"EntryPoint","urlTemplate":"https:\/\/www.pittarc.com\/de\/?s={search_term_string}"},"query-input":{"@type":"PropertyValueSpecification","valueRequired":true,"valueName":"search_term_string"}}],"inLanguage":"de"}]}},"_links":{"self":[{"href":"https:\/\/www.pittarc.com\/de\/wp-json\/wp\/v2\/pages\/710","targetHints":{"allow":["GET"]}}],"collection":[{"href":"https:\/\/www.pittarc.com\/de\/wp-json\/wp\/v2\/pages"}],"about":[{"href":"https:\/\/www.pittarc.com\/de\/wp-json\/wp\/v2\/types\/page"}],"author":[{"embeddable":true,"href":"https:\/\/www.pittarc.com\/de\/wp-json\/wp\/v2\/users\/1"}],"replies":[{"embeddable":true,"href":"https:\/\/www.pittarc.com\/de\/wp-json\/wp\/v2\/comments?post=710"}],"version-history":[{"count":7,"href":"https:\/\/www.pittarc.com\/de\/wp-json\/wp\/v2\/pages\/710\/revisions"}],"predecessor-version":[{"id":4817,"href":"https:\/\/www.pittarc.com\/de\/wp-json\/wp\/v2\/pages\/710\/revisions\/4817"}],"wp:featuredmedia":[{"embeddable":true,"href":"https:\/\/www.pittarc.com\/de\/wp-json\/wp\/v2\/media\/5471"}],"wp:attachment":[{"href":"https:\/\/www.pittarc.com\/de\/wp-json\/wp\/v2\/media?parent=710"}],"curies":[{"name":"wp","href":"https:\/\/api.w.org\/{rel}","templated":true}]}}