{"id":630,"date":"2014-11-24T11:06:53","date_gmt":"2014-11-24T10:06:53","guid":{"rendered":"http:\/\/www.pittarc.pittini.it\/?page_id=630"},"modified":"2022-08-29T14:13:34","modified_gmt":"2022-08-29T12:13:34","slug":"verkupferter-draht","status":"publish","type":"page","link":"https:\/\/www.pittarc.com\/de\/produkte\/verkupferter-draht\/","title":{"rendered":"Verkupferter Draht"},"content":{"rendered":"<p style=\"text-align: justify\">SIAT produziert verkupfertern Draht mit einem <strong>Durchmesser von bis zu 5 mm<\/strong>, die auf die verschiedensten Marktbed\u00fcrfnisse eingehen.<\/p>\n<p style=\"text-align: justify\">Die Produktion des verkupferten Drahtes erfolgt durch ziehen in einem einzigen Schritt vom <a href=\"http:\/\/www.ferriere.pittini.it\/de\/produkte\/walzdraht\/\">Draht<\/a> zum Endprodukt.<\/p>\n<p style=\"text-align: justify\">Nach der Verkleinerung wird der Draht elektrochemisch entzundert und verkupfert, so dass ein perfekt haftender <strong>Kupfermantel<\/strong> entsteht, mit einer je nach Bedarf\/Spezifikationen des Kunden unterschiedlichen <strong>Dicke von 0,10 bis 0,60 \u00b5m<\/strong>. Der Kupfermantel wird mit einem Instrument gemessen, das die Dicke der Verkupferung mit Hilfe der Coulometrie bestimmt.<\/p>\n<h3>Qualit\u00e4t in der gesamten Lieferkette<\/h3>\n<p style=\"text-align: justify\">Die Zugeh\u00f6rigkeit zu einem gro\u00dfen Stahlkonzern wie Pittini erm\u00f6glicht es uns, den in den Walzwerken von Osoppo und Verona hergestellten Walzdraht zu verwenden, so dass wir das Rohmaterial kontrollieren und die gesamte Produktionskette verfolgen k\u00f6nnen.<\/p>\n<h3>Eine breite Palette von verkupferten Dr\u00e4hten<\/h3>\n<p style=\"text-align: justify\">Alle Produkte sind in einem umfassenden Formatsortiment mit einem Gewicht von bis zu 1.000 kg erh\u00e4ltlich, damit bei ihrer Verwendung maximale Produktivit\u00e4t erzielt wird.<\/p>\n<p style=\"text-align: justify\"><a href=\"https:\/\/www.pittarc.com\/wp-content\/uploads\/sites\/3\/2020\/07\/Pittarc-scheda-confezioni-fili-ramati-DE-FR.pdf\" target=\"_blank\" rel=\"noopener noreferrer\">Packung<\/a><\/p>\n","protected":false},"excerpt":{"rendered":"<p>SIAT produziert verkupfertern Draht mit einem Durchmesser von bis zu 5 mm, die auf die verschiedensten Marktbed\u00fcrfnisse eingehen. Die Produktion des verkupferten Drahtes erfolgt durch ziehen in einem einzigen Schritt vom Draht zum Endprodukt. [&hellip;]<\/p>\n","protected":false},"author":1,"featured_media":4668,"parent":561,"menu_order":5,"comment_status":"closed","ping_status":"closed","template":"page-prodotto.php","meta":{"_acf_changed":false,"footnotes":""},"class_list":["post-630","page","type-page","status-publish","has-post-thumbnail","hentry"],"acf":[],"yoast_head":"<!-- This site is optimized with the Yoast SEO plugin v27.4 - https:\/\/yoast.com\/product\/yoast-seo-wordpress\/ -->\n<title>Verkupferter Draht Pittarc<\/title>\n<meta name=\"description\" content=\"Perfekt haftende Kupferummantelung und variable Dicke: Die Qualit\u00e4t der verkupferten Dr\u00e4hte erf\u00fcllt die unterschiedlichen Anforderungen.\" \/>\n<meta name=\"robots\" content=\"index, follow, max-snippet:-1, max-image-preview:large, max-video-preview:-1\" \/>\n<link rel=\"canonical\" href=\"https:\/\/www.pittarc.com\/de\/produkte\/verkupferter-draht\/\" \/>\n<meta property=\"og:locale\" content=\"de_DE\" \/>\n<meta property=\"og:type\" content=\"article\" \/>\n<meta property=\"og:title\" content=\"Verkupferter Draht Pittarc\" \/>\n<meta property=\"og:description\" content=\"Perfekt haftende Kupferummantelung und variable Dicke: Die Qualit\u00e4t der verkupferten Dr\u00e4hte erf\u00fcllt die unterschiedlichen Anforderungen.\" \/>\n<meta property=\"og:url\" content=\"https:\/\/www.pittarc.com\/de\/produkte\/verkupferter-draht\/\" \/>\n<meta property=\"og:site_name\" content=\"Pittarc\" \/>\n<meta property=\"article:modified_time\" content=\"2022-08-29T12:13:34+00:00\" \/>\n<meta property=\"og:image\" content=\"https:\/\/www.pittarc.com\/wp-content\/uploads\/sites\/3\/2022\/03\/Pittarc-fili-saldatura-ramati-header.jpg\" \/>\n\t<meta property=\"og:image:width\" content=\"1700\" \/>\n\t<meta property=\"og:image:height\" content=\"501\" \/>\n\t<meta property=\"og:image:type\" content=\"image\/jpeg\" \/>\n<meta name=\"twitter:label1\" content=\"Gesch\u00e4tzte Lesezeit\" \/>\n\t<meta name=\"twitter:data1\" content=\"1\u00a0Minute\" \/>\n<script type=\"application\/ld+json\" class=\"yoast-schema-graph\">{\"@context\":\"https:\\\/\\\/schema.org\",\"@graph\":[{\"@type\":\"WebPage\",\"@id\":\"https:\\\/\\\/www.pittarc.com\\\/de\\\/produkte\\\/verkupferter-draht\\\/\",\"url\":\"https:\\\/\\\/www.pittarc.com\\\/de\\\/produkte\\\/verkupferter-draht\\\/\",\"name\":\"Verkupferter Draht Pittarc\",\"isPartOf\":{\"@id\":\"https:\\\/\\\/www.pittarc.com\\\/de\\\/#website\"},\"primaryImageOfPage\":{\"@id\":\"https:\\\/\\\/www.pittarc.com\\\/de\\\/produkte\\\/verkupferter-draht\\\/#primaryimage\"},\"image\":{\"@id\":\"https:\\\/\\\/www.pittarc.com\\\/de\\\/produkte\\\/verkupferter-draht\\\/#primaryimage\"},\"thumbnailUrl\":\"https:\\\/\\\/www.pittarc.com\\\/wp-content\\\/uploads\\\/sites\\\/3\\\/2022\\\/03\\\/Pittarc-fili-saldatura-ramati-header.jpg\",\"datePublished\":\"2014-11-24T10:06:53+00:00\",\"dateModified\":\"2022-08-29T12:13:34+00:00\",\"description\":\"Perfekt haftende Kupferummantelung und variable Dicke: Die Qualit\u00e4t der verkupferten Dr\u00e4hte erf\u00fcllt die unterschiedlichen Anforderungen.\",\"breadcrumb\":{\"@id\":\"https:\\\/\\\/www.pittarc.com\\\/de\\\/produkte\\\/verkupferter-draht\\\/#breadcrumb\"},\"inLanguage\":\"de\",\"potentialAction\":[{\"@type\":\"ReadAction\",\"target\":[\"https:\\\/\\\/www.pittarc.com\\\/de\\\/produkte\\\/verkupferter-draht\\\/\"]}]},{\"@type\":\"ImageObject\",\"inLanguage\":\"de\",\"@id\":\"https:\\\/\\\/www.pittarc.com\\\/de\\\/produkte\\\/verkupferter-draht\\\/#primaryimage\",\"url\":\"https:\\\/\\\/www.pittarc.com\\\/wp-content\\\/uploads\\\/sites\\\/3\\\/2022\\\/03\\\/Pittarc-fili-saldatura-ramati-header.jpg\",\"contentUrl\":\"https:\\\/\\\/www.pittarc.com\\\/wp-content\\\/uploads\\\/sites\\\/3\\\/2022\\\/03\\\/Pittarc-fili-saldatura-ramati-header.jpg\",\"width\":1700,\"height\":501,\"caption\":\"Verkupferter Draht Pittarc\"},{\"@type\":\"BreadcrumbList\",\"@id\":\"https:\\\/\\\/www.pittarc.com\\\/de\\\/produkte\\\/verkupferter-draht\\\/#breadcrumb\",\"itemListElement\":[{\"@type\":\"ListItem\",\"position\":1,\"name\":\"Home\",\"item\":\"https:\\\/\\\/www.pittarc.com\\\/de\\\/\"},{\"@type\":\"ListItem\",\"position\":2,\"name\":\"Produkte\",\"item\":\"https:\\\/\\\/www.pittarc.com\\\/de\\\/produkte\\\/\"},{\"@type\":\"ListItem\",\"position\":3,\"name\":\"Verkupferter Draht\"}]},{\"@type\":\"WebSite\",\"@id\":\"https:\\\/\\\/www.pittarc.com\\\/de\\\/#website\",\"url\":\"https:\\\/\\\/www.pittarc.com\\\/de\\\/\",\"name\":\"Pittarc\",\"description\":\"Ecco un altro sito Gruppo Pittini\",\"potentialAction\":[{\"@type\":\"SearchAction\",\"target\":{\"@type\":\"EntryPoint\",\"urlTemplate\":\"https:\\\/\\\/www.pittarc.com\\\/de\\\/?s={search_term_string}\"},\"query-input\":{\"@type\":\"PropertyValueSpecification\",\"valueRequired\":true,\"valueName\":\"search_term_string\"}}],\"inLanguage\":\"de\"}]}<\/script>\n<!-- \/ Yoast SEO plugin. -->","yoast_head_json":{"title":"Verkupferter Draht Pittarc","description":"Perfekt haftende Kupferummantelung und variable Dicke: Die Qualit\u00e4t der verkupferten Dr\u00e4hte erf\u00fcllt die unterschiedlichen Anforderungen.","robots":{"index":"index","follow":"follow","max-snippet":"max-snippet:-1","max-image-preview":"max-image-preview:large","max-video-preview":"max-video-preview:-1"},"canonical":"https:\/\/www.pittarc.com\/de\/produkte\/verkupferter-draht\/","og_locale":"de_DE","og_type":"article","og_title":"Verkupferter Draht Pittarc","og_description":"Perfekt haftende Kupferummantelung und variable Dicke: Die Qualit\u00e4t der verkupferten Dr\u00e4hte erf\u00fcllt die unterschiedlichen Anforderungen.","og_url":"https:\/\/www.pittarc.com\/de\/produkte\/verkupferter-draht\/","og_site_name":"Pittarc","article_modified_time":"2022-08-29T12:13:34+00:00","og_image":[{"width":1700,"height":501,"url":"https:\/\/www.pittarc.com\/wp-content\/uploads\/sites\/3\/2022\/03\/Pittarc-fili-saldatura-ramati-header.jpg","type":"image\/jpeg"}],"twitter_misc":{"Gesch\u00e4tzte Lesezeit":"1\u00a0Minute"},"schema":{"@context":"https:\/\/schema.org","@graph":[{"@type":"WebPage","@id":"https:\/\/www.pittarc.com\/de\/produkte\/verkupferter-draht\/","url":"https:\/\/www.pittarc.com\/de\/produkte\/verkupferter-draht\/","name":"Verkupferter Draht Pittarc","isPartOf":{"@id":"https:\/\/www.pittarc.com\/de\/#website"},"primaryImageOfPage":{"@id":"https:\/\/www.pittarc.com\/de\/produkte\/verkupferter-draht\/#primaryimage"},"image":{"@id":"https:\/\/www.pittarc.com\/de\/produkte\/verkupferter-draht\/#primaryimage"},"thumbnailUrl":"https:\/\/www.pittarc.com\/wp-content\/uploads\/sites\/3\/2022\/03\/Pittarc-fili-saldatura-ramati-header.jpg","datePublished":"2014-11-24T10:06:53+00:00","dateModified":"2022-08-29T12:13:34+00:00","description":"Perfekt haftende Kupferummantelung und variable Dicke: Die Qualit\u00e4t der verkupferten Dr\u00e4hte erf\u00fcllt die unterschiedlichen Anforderungen.","breadcrumb":{"@id":"https:\/\/www.pittarc.com\/de\/produkte\/verkupferter-draht\/#breadcrumb"},"inLanguage":"de","potentialAction":[{"@type":"ReadAction","target":["https:\/\/www.pittarc.com\/de\/produkte\/verkupferter-draht\/"]}]},{"@type":"ImageObject","inLanguage":"de","@id":"https:\/\/www.pittarc.com\/de\/produkte\/verkupferter-draht\/#primaryimage","url":"https:\/\/www.pittarc.com\/wp-content\/uploads\/sites\/3\/2022\/03\/Pittarc-fili-saldatura-ramati-header.jpg","contentUrl":"https:\/\/www.pittarc.com\/wp-content\/uploads\/sites\/3\/2022\/03\/Pittarc-fili-saldatura-ramati-header.jpg","width":1700,"height":501,"caption":"Verkupferter Draht Pittarc"},{"@type":"BreadcrumbList","@id":"https:\/\/www.pittarc.com\/de\/produkte\/verkupferter-draht\/#breadcrumb","itemListElement":[{"@type":"ListItem","position":1,"name":"Home","item":"https:\/\/www.pittarc.com\/de\/"},{"@type":"ListItem","position":2,"name":"Produkte","item":"https:\/\/www.pittarc.com\/de\/produkte\/"},{"@type":"ListItem","position":3,"name":"Verkupferter Draht"}]},{"@type":"WebSite","@id":"https:\/\/www.pittarc.com\/de\/#website","url":"https:\/\/www.pittarc.com\/de\/","name":"Pittarc","description":"Ecco un altro sito Gruppo Pittini","potentialAction":[{"@type":"SearchAction","target":{"@type":"EntryPoint","urlTemplate":"https:\/\/www.pittarc.com\/de\/?s={search_term_string}"},"query-input":{"@type":"PropertyValueSpecification","valueRequired":true,"valueName":"search_term_string"}}],"inLanguage":"de"}]}},"_links":{"self":[{"href":"https:\/\/www.pittarc.com\/de\/wp-json\/wp\/v2\/pages\/630","targetHints":{"allow":["GET"]}}],"collection":[{"href":"https:\/\/www.pittarc.com\/de\/wp-json\/wp\/v2\/pages"}],"about":[{"href":"https:\/\/www.pittarc.com\/de\/wp-json\/wp\/v2\/types\/page"}],"author":[{"embeddable":true,"href":"https:\/\/www.pittarc.com\/de\/wp-json\/wp\/v2\/users\/1"}],"replies":[{"embeddable":true,"href":"https:\/\/www.pittarc.com\/de\/wp-json\/wp\/v2\/comments?post=630"}],"version-history":[{"count":14,"href":"https:\/\/www.pittarc.com\/de\/wp-json\/wp\/v2\/pages\/630\/revisions"}],"predecessor-version":[{"id":4828,"href":"https:\/\/www.pittarc.com\/de\/wp-json\/wp\/v2\/pages\/630\/revisions\/4828"}],"up":[{"embeddable":true,"href":"https:\/\/www.pittarc.com\/de\/wp-json\/wp\/v2\/pages\/561"}],"wp:featuredmedia":[{"embeddable":true,"href":"https:\/\/www.pittarc.com\/de\/wp-json\/wp\/v2\/media\/4668"}],"wp:attachment":[{"href":"https:\/\/www.pittarc.com\/de\/wp-json\/wp\/v2\/media?parent=630"}],"curies":[{"name":"wp","href":"https:\/\/api.w.org\/{rel}","templated":true}]}}