{"id":622,"date":"2014-02-26T11:41:43","date_gmt":"2014-02-26T10:41:43","guid":{"rendered":"http:\/\/www.pittarc.pittini.it\/?page_id=622"},"modified":"2022-11-25T15:27:27","modified_gmt":"2022-11-25T14:27:27","slug":"flussmittel-unterpulver-schweissverfahren","status":"publish","type":"page","link":"https:\/\/www.pittarc.com\/de\/produkte\/flussmittel-unterpulver-schweissverfahren\/","title":{"rendered":"Unterpulver-Schwei\u00dfmittel"},"content":{"rendered":"<p style=\"text-align: justify\">Die <strong>PITTARC-Flussmittel f\u00fcr das Unterpulver-Schwei\u00dfverfahren<\/strong> decken einen breiten <a href=\"https:\/\/www.pittini.it\/en\/applications\/beahead\/\" target=\"_blank\" rel=\"noopener\">Anwendungsbereich f\u00fcr <\/a><strong><a href=\"https:\/\/www.pittini.it\/en\/applications\/beahead\/\">Verbindungen<\/a> von Kohlenstoffstahl und niedriglegiertem Stahl<\/strong> ab.<\/p>\n<p style=\"text-align: justify\">Dank der verschiedenen <strong>PITTARC-Draht\/Flussmittel-Kombinationen k\u00f6nnen<\/strong> auch in den schwierigsten Anwendungsbereichen Schwei\u00dfverbindungen mit hervorragenden mechanischen Eigenschaften erhalten werden. Die basischen und halbbasischen Flussmittel haben einen niedrigen Wasserstoffgehalt, so dass Schwei\u00dfverbindungen mit hoher Festigkeit erhalten werden, und sie k\u00f6nnen in den unterschiedlichen UP-Schwei\u00dfverfahren eingesetzt werden: einlagig, mehrlagig, Eindraht, Multidraht oder Tandem tandem, twin-arc o multi-filo.<\/p>\n<p style=\"text-align: justify\">Der Anwendungsbereich umfasst diverse Industriebereiche, wie die Produktion von \u00d6l-, Gas- und Wasserleitungen, den Offshore-Bereich, Druckbeh\u00e4lter, Windkraftanlagen, schweres Metallbauwerk usw.<\/p>\n<p style=\"text-align: justify\">Alle Flussmittel sind in 25 kg-Standards\u00e4cken oder in 600\u00f71.200 kg-Bigbags erh\u00e4ltlich.<\/p>\n<p><a href=\"https:\/\/www.pittarc.com\/wp-content\/uploads\/sites\/3\/2020\/07\/Pittarc-scheda-tecnica-FLUSSI-SAW-DE-FR.pdf\" target=\"_blank\" rel=\"noopener noreferrer\">Flie\u00dft Blatt<\/a><\/p>\n","protected":false},"excerpt":{"rendered":"<p>Die PITTARC-Flussmittel f\u00fcr das Unterpulver-Schwei\u00dfverfahren decken einen breiten Anwendungsbereich f\u00fcr Verbindungen von Kohlenstoffstahl und niedriglegiertem Stahl ab. Dank der verschiedenen PITTARC-Draht\/Flussmittel-Kombinationen k\u00f6nnen auch in den schwierigsten Anwendungsbereichen Schwei\u00dfverbindungen mit hervorragenden mechanischen Eigenschaften erhalten werden. [&hellip;]<\/p>\n","protected":false},"author":1,"featured_media":4377,"parent":561,"menu_order":1,"comment_status":"closed","ping_status":"closed","template":"page-prodotto.php","meta":{"_acf_changed":false,"footnotes":""},"class_list":["post-622","page","type-page","status-publish","has-post-thumbnail","hentry"],"acf":[],"yoast_head":"<!-- This site is optimized with the Yoast SEO plugin v27.5 - https:\/\/yoast.com\/product\/yoast-seo-wordpress\/ -->\n<title>UP-Draht-Pulver-Kombinationen &#8211; Pittarc<\/title>\n<meta name=\"description\" content=\"Hohe mechanische Eigenschaften und niedriger Wasserstoffgehalt: UP-Draht-Pulver-Kombinationen decken die kritischsten Anwendungen ab.\" \/>\n<meta name=\"robots\" content=\"index, follow, max-snippet:-1, max-image-preview:large, max-video-preview:-1\" \/>\n<link rel=\"canonical\" href=\"https:\/\/www.pittarc.com\/de\/produkte\/flussmittel-unterpulver-schweissverfahren\/\" \/>\n<meta property=\"og:locale\" content=\"de_DE\" \/>\n<meta property=\"og:type\" content=\"article\" \/>\n<meta property=\"og:title\" content=\"UP-Draht-Pulver-Kombinationen &#8211; Pittarc\" \/>\n<meta property=\"og:description\" content=\"Hohe mechanische Eigenschaften und niedriger Wasserstoffgehalt: UP-Draht-Pulver-Kombinationen decken die kritischsten Anwendungen ab.\" \/>\n<meta property=\"og:url\" content=\"https:\/\/www.pittarc.com\/de\/produkte\/flussmittel-unterpulver-schweissverfahren\/\" \/>\n<meta property=\"og:site_name\" content=\"Pittarc\" \/>\n<meta property=\"article:modified_time\" content=\"2022-11-25T14:27:27+00:00\" \/>\n<meta property=\"og:image\" content=\"https:\/\/www.pittarc.com\/wp-content\/uploads\/sites\/3\/2022\/03\/Pittarc-flussi-saw-1.jpg\" \/>\n\t<meta property=\"og:image:width\" content=\"1500\" \/>\n\t<meta property=\"og:image:height\" content=\"942\" \/>\n\t<meta property=\"og:image:type\" content=\"image\/jpeg\" \/>\n<meta name=\"twitter:label1\" content=\"Gesch\u00e4tzte Lesezeit\" \/>\n\t<meta name=\"twitter:data1\" content=\"1\u00a0Minute\" \/>\n<script type=\"application\/ld+json\" class=\"yoast-schema-graph\">{\"@context\":\"https:\\\/\\\/schema.org\",\"@graph\":[{\"@type\":\"WebPage\",\"@id\":\"https:\\\/\\\/www.pittarc.com\\\/de\\\/produkte\\\/flussmittel-unterpulver-schweissverfahren\\\/\",\"url\":\"https:\\\/\\\/www.pittarc.com\\\/de\\\/produkte\\\/flussmittel-unterpulver-schweissverfahren\\\/\",\"name\":\"UP-Draht-Pulver-Kombinationen &#8211; Pittarc\",\"isPartOf\":{\"@id\":\"https:\\\/\\\/www.pittarc.com\\\/de\\\/#website\"},\"primaryImageOfPage\":{\"@id\":\"https:\\\/\\\/www.pittarc.com\\\/de\\\/produkte\\\/flussmittel-unterpulver-schweissverfahren\\\/#primaryimage\"},\"image\":{\"@id\":\"https:\\\/\\\/www.pittarc.com\\\/de\\\/produkte\\\/flussmittel-unterpulver-schweissverfahren\\\/#primaryimage\"},\"thumbnailUrl\":\"https:\\\/\\\/www.pittarc.com\\\/wp-content\\\/uploads\\\/sites\\\/3\\\/2022\\\/03\\\/Pittarc-flussi-saw-1.jpg\",\"datePublished\":\"2014-02-26T10:41:43+00:00\",\"dateModified\":\"2022-11-25T14:27:27+00:00\",\"description\":\"Hohe mechanische Eigenschaften und niedriger Wasserstoffgehalt: UP-Draht-Pulver-Kombinationen decken die kritischsten Anwendungen ab.\",\"breadcrumb\":{\"@id\":\"https:\\\/\\\/www.pittarc.com\\\/de\\\/produkte\\\/flussmittel-unterpulver-schweissverfahren\\\/#breadcrumb\"},\"inLanguage\":\"de\",\"potentialAction\":[{\"@type\":\"ReadAction\",\"target\":[\"https:\\\/\\\/www.pittarc.com\\\/de\\\/produkte\\\/flussmittel-unterpulver-schweissverfahren\\\/\"]}]},{\"@type\":\"ImageObject\",\"inLanguage\":\"de\",\"@id\":\"https:\\\/\\\/www.pittarc.com\\\/de\\\/produkte\\\/flussmittel-unterpulver-schweissverfahren\\\/#primaryimage\",\"url\":\"https:\\\/\\\/www.pittarc.com\\\/wp-content\\\/uploads\\\/sites\\\/3\\\/2022\\\/03\\\/Pittarc-flussi-saw-1.jpg\",\"contentUrl\":\"https:\\\/\\\/www.pittarc.com\\\/wp-content\\\/uploads\\\/sites\\\/3\\\/2022\\\/03\\\/Pittarc-flussi-saw-1.jpg\",\"width\":1500,\"height\":942,\"caption\":\"UP-Draht-Pulver-Kombinationen Pittarc\"},{\"@type\":\"BreadcrumbList\",\"@id\":\"https:\\\/\\\/www.pittarc.com\\\/de\\\/produkte\\\/flussmittel-unterpulver-schweissverfahren\\\/#breadcrumb\",\"itemListElement\":[{\"@type\":\"ListItem\",\"position\":1,\"name\":\"Home\",\"item\":\"https:\\\/\\\/www.pittarc.com\\\/de\\\/\"},{\"@type\":\"ListItem\",\"position\":2,\"name\":\"Produkte\",\"item\":\"https:\\\/\\\/www.pittarc.com\\\/de\\\/produkte\\\/\"},{\"@type\":\"ListItem\",\"position\":3,\"name\":\"Unterpulver-Schwei\u00dfmittel\"}]},{\"@type\":\"WebSite\",\"@id\":\"https:\\\/\\\/www.pittarc.com\\\/de\\\/#website\",\"url\":\"https:\\\/\\\/www.pittarc.com\\\/de\\\/\",\"name\":\"Pittarc\",\"description\":\"Ecco un altro sito Gruppo Pittini\",\"potentialAction\":[{\"@type\":\"SearchAction\",\"target\":{\"@type\":\"EntryPoint\",\"urlTemplate\":\"https:\\\/\\\/www.pittarc.com\\\/de\\\/?s={search_term_string}\"},\"query-input\":{\"@type\":\"PropertyValueSpecification\",\"valueRequired\":true,\"valueName\":\"search_term_string\"}}],\"inLanguage\":\"de\"}]}<\/script>\n<!-- \/ Yoast SEO plugin. -->","yoast_head_json":{"title":"UP-Draht-Pulver-Kombinationen &#8211; Pittarc","description":"Hohe mechanische Eigenschaften und niedriger Wasserstoffgehalt: UP-Draht-Pulver-Kombinationen decken die kritischsten Anwendungen ab.","robots":{"index":"index","follow":"follow","max-snippet":"max-snippet:-1","max-image-preview":"max-image-preview:large","max-video-preview":"max-video-preview:-1"},"canonical":"https:\/\/www.pittarc.com\/de\/produkte\/flussmittel-unterpulver-schweissverfahren\/","og_locale":"de_DE","og_type":"article","og_title":"UP-Draht-Pulver-Kombinationen &#8211; Pittarc","og_description":"Hohe mechanische Eigenschaften und niedriger Wasserstoffgehalt: UP-Draht-Pulver-Kombinationen decken die kritischsten Anwendungen ab.","og_url":"https:\/\/www.pittarc.com\/de\/produkte\/flussmittel-unterpulver-schweissverfahren\/","og_site_name":"Pittarc","article_modified_time":"2022-11-25T14:27:27+00:00","og_image":[{"width":1500,"height":942,"url":"https:\/\/www.pittarc.com\/wp-content\/uploads\/sites\/3\/2022\/03\/Pittarc-flussi-saw-1.jpg","type":"image\/jpeg"}],"twitter_misc":{"Gesch\u00e4tzte Lesezeit":"1\u00a0Minute"},"schema":{"@context":"https:\/\/schema.org","@graph":[{"@type":"WebPage","@id":"https:\/\/www.pittarc.com\/de\/produkte\/flussmittel-unterpulver-schweissverfahren\/","url":"https:\/\/www.pittarc.com\/de\/produkte\/flussmittel-unterpulver-schweissverfahren\/","name":"UP-Draht-Pulver-Kombinationen &#8211; Pittarc","isPartOf":{"@id":"https:\/\/www.pittarc.com\/de\/#website"},"primaryImageOfPage":{"@id":"https:\/\/www.pittarc.com\/de\/produkte\/flussmittel-unterpulver-schweissverfahren\/#primaryimage"},"image":{"@id":"https:\/\/www.pittarc.com\/de\/produkte\/flussmittel-unterpulver-schweissverfahren\/#primaryimage"},"thumbnailUrl":"https:\/\/www.pittarc.com\/wp-content\/uploads\/sites\/3\/2022\/03\/Pittarc-flussi-saw-1.jpg","datePublished":"2014-02-26T10:41:43+00:00","dateModified":"2022-11-25T14:27:27+00:00","description":"Hohe mechanische Eigenschaften und niedriger Wasserstoffgehalt: UP-Draht-Pulver-Kombinationen decken die kritischsten Anwendungen ab.","breadcrumb":{"@id":"https:\/\/www.pittarc.com\/de\/produkte\/flussmittel-unterpulver-schweissverfahren\/#breadcrumb"},"inLanguage":"de","potentialAction":[{"@type":"ReadAction","target":["https:\/\/www.pittarc.com\/de\/produkte\/flussmittel-unterpulver-schweissverfahren\/"]}]},{"@type":"ImageObject","inLanguage":"de","@id":"https:\/\/www.pittarc.com\/de\/produkte\/flussmittel-unterpulver-schweissverfahren\/#primaryimage","url":"https:\/\/www.pittarc.com\/wp-content\/uploads\/sites\/3\/2022\/03\/Pittarc-flussi-saw-1.jpg","contentUrl":"https:\/\/www.pittarc.com\/wp-content\/uploads\/sites\/3\/2022\/03\/Pittarc-flussi-saw-1.jpg","width":1500,"height":942,"caption":"UP-Draht-Pulver-Kombinationen Pittarc"},{"@type":"BreadcrumbList","@id":"https:\/\/www.pittarc.com\/de\/produkte\/flussmittel-unterpulver-schweissverfahren\/#breadcrumb","itemListElement":[{"@type":"ListItem","position":1,"name":"Home","item":"https:\/\/www.pittarc.com\/de\/"},{"@type":"ListItem","position":2,"name":"Produkte","item":"https:\/\/www.pittarc.com\/de\/produkte\/"},{"@type":"ListItem","position":3,"name":"Unterpulver-Schwei\u00dfmittel"}]},{"@type":"WebSite","@id":"https:\/\/www.pittarc.com\/de\/#website","url":"https:\/\/www.pittarc.com\/de\/","name":"Pittarc","description":"Ecco un altro sito Gruppo Pittini","potentialAction":[{"@type":"SearchAction","target":{"@type":"EntryPoint","urlTemplate":"https:\/\/www.pittarc.com\/de\/?s={search_term_string}"},"query-input":{"@type":"PropertyValueSpecification","valueRequired":true,"valueName":"search_term_string"}}],"inLanguage":"de"}]}},"_links":{"self":[{"href":"https:\/\/www.pittarc.com\/de\/wp-json\/wp\/v2\/pages\/622","targetHints":{"allow":["GET"]}}],"collection":[{"href":"https:\/\/www.pittarc.com\/de\/wp-json\/wp\/v2\/pages"}],"about":[{"href":"https:\/\/www.pittarc.com\/de\/wp-json\/wp\/v2\/types\/page"}],"author":[{"embeddable":true,"href":"https:\/\/www.pittarc.com\/de\/wp-json\/wp\/v2\/users\/1"}],"replies":[{"embeddable":true,"href":"https:\/\/www.pittarc.com\/de\/wp-json\/wp\/v2\/comments?post=622"}],"version-history":[{"count":24,"href":"https:\/\/www.pittarc.com\/de\/wp-json\/wp\/v2\/pages\/622\/revisions"}],"predecessor-version":[{"id":4821,"href":"https:\/\/www.pittarc.com\/de\/wp-json\/wp\/v2\/pages\/622\/revisions\/4821"}],"up":[{"embeddable":true,"href":"https:\/\/www.pittarc.com\/de\/wp-json\/wp\/v2\/pages\/561"}],"wp:featuredmedia":[{"embeddable":true,"href":"https:\/\/www.pittarc.com\/de\/wp-json\/wp\/v2\/media\/4377"}],"wp:attachment":[{"href":"https:\/\/www.pittarc.com\/de\/wp-json\/wp\/v2\/media?parent=622"}],"curies":[{"name":"wp","href":"https:\/\/api.w.org\/{rel}","templated":true}]}}