{"id":590,"date":"2014-11-24T11:02:54","date_gmt":"2014-11-24T10:02:54","guid":{"rendered":"http:\/\/www.pittarc.pittini.it\/?page_id=590"},"modified":"2025-03-28T11:20:13","modified_gmt":"2025-03-28T10:20:13","slug":"unterpulver-schweissdrahte","status":"publish","type":"page","link":"https:\/\/www.pittarc.com\/de\/produkte\/unterpulver-schweissdrahte\/","title":{"rendered":"Unterpulver-Schweissdr\u00e4hte"},"content":{"rendered":"<p style=\"text-align: justify\">Die von PITTARC hergestellten UP-Schwei\u00dfdr\u00e4hte haben zum Bau bedeutender Bauwerke in der ganzen Welt beigetragen, wie z. B. den Schotten des Panamakanals, wichtigen Rohrleitungen f\u00fcr \u00d6l &amp; Gas wie <a href=\"https:\/\/www.pittini.it\/en\/blog\/the-quality-of-pittarc-wires-for-nord-stream-2\/\" target=\"_blank\" rel=\"noopener\">Nordstream<\/a>, Windt\u00fcrmen und Stahlkonstruktionen. Eine Qualit\u00e4t, die dank der Erfahrung und des Fachwissens des Kundendienstes sowie der hohen Leistung des Unterpulver-Schwei\u00dfdrahts weltweit anerkannt ist.<\/p>\n<h3>Qualit\u00e4t beim Schwei\u00dfen<\/h3>\n<p style=\"text-align: justify\"><strong>Die UP-Schwei\u00dfdr\u00e4hte haben einen geringen Gas- und Verunreinigungsgehalt<\/strong>, um Schwei\u00dfverbindungen hervorragenden mechanischen Eigenschaften und optimaler Festigkeit bei niedrigen Temperaturen zu erhalten.<\/p>\n<p style=\"text-align: justify\">Das Produktsortiment eignet sich f\u00fcr Verbindungen von Kohlenstoffstahl und niedriglegiertem Stahl und kann in einem breiten Feld von Anwendungen eingesetzt werden, wie z. B. in der Produktion von \u00d6l-, Gas- und Wasserleitungen, im Offshore-Bereich, f\u00fcr Druckbeh\u00e4lter, Windkraftanlagen, schweres Metallbauwerk usw.<\/p>\n<p style=\"text-align: justify\">Die UP-Schwei\u00dfdr\u00e4hte werden mit einem Durchmesser von<strong> 1,2<\/strong> mm bis <strong>5,00<\/strong> mm hergestellt und sind in einem umfassenden Formatsortiment erh\u00e4ltlich:<\/p>\n<ul>\n<li style=\"list-style-type: none\">\n<ul>\n<li>25 kg, 27 kg und 100 kg &#8211; Spulen<\/li>\n<li>450-1200 kg &#8211; Rollen<\/li>\n<li>300-400 kg &#8211; Metallspulen<\/li>\n<li>300-1000 kg &#8211; Rollen<\/li>\n<\/ul>\n<\/li>\n<\/ul>\n<p><a href=\"https:\/\/www.pittarc.com\/wp-content\/uploads\/sites\/3\/2020\/07\/Pittarc-scheda-tecnica-SAW-DE-FR.pdf\" target=\"_blank\" rel=\"noopener noreferrer\">SAW Blatt<\/a><\/p>\n","protected":false},"excerpt":{"rendered":"<p>Die von PITTARC hergestellten UP-Schwei\u00dfdr\u00e4hte haben zum Bau bedeutender Bauwerke in der ganzen Welt beigetragen, wie z. B. den Schotten des Panamakanals, wichtigen Rohrleitungen f\u00fcr \u00d6l &amp; Gas wie Nordstream, Windt\u00fcrmen und Stahlkonstruktionen. Eine [&hellip;]<\/p>\n","protected":false},"author":1,"featured_media":4400,"parent":561,"menu_order":1,"comment_status":"closed","ping_status":"closed","template":"page-prodotto.php","meta":{"_acf_changed":false,"footnotes":""},"class_list":["post-590","page","type-page","status-publish","has-post-thumbnail","hentry"],"acf":[],"yoast_head":"<!-- This site is optimized with the Yoast SEO plugin v27.5 - https:\/\/yoast.com\/product\/yoast-seo-wordpress\/ -->\n<title>UP-Schwei\u00dfdr\u00e4hte &#8211; Pittarc<\/title>\n<meta name=\"description\" content=\"Geringer Gehalt an Verunreinigungen: UP-Schwei\u00dfdr\u00e4hte sind eine zuverl\u00e4ssige Wahl f\u00fcr Kohlenstoff- und niedriglegierte St\u00e4hle.\" \/>\n<meta name=\"robots\" content=\"index, follow, max-snippet:-1, max-image-preview:large, max-video-preview:-1\" \/>\n<link rel=\"canonical\" href=\"https:\/\/www.pittarc.com\/de\/produkte\/unterpulver-schweissdrahte\/\" \/>\n<meta property=\"og:locale\" content=\"de_DE\" \/>\n<meta property=\"og:type\" content=\"article\" \/>\n<meta property=\"og:title\" content=\"UP-Schwei\u00dfdr\u00e4hte &#8211; Pittarc\" \/>\n<meta property=\"og:description\" content=\"Geringer Gehalt an Verunreinigungen: UP-Schwei\u00dfdr\u00e4hte sind eine zuverl\u00e4ssige Wahl f\u00fcr Kohlenstoff- und niedriglegierte St\u00e4hle.\" \/>\n<meta property=\"og:url\" content=\"https:\/\/www.pittarc.com\/de\/produkte\/unterpulver-schweissdrahte\/\" \/>\n<meta property=\"og:site_name\" content=\"Pittarc\" \/>\n<meta property=\"article:modified_time\" content=\"2025-03-28T10:20:13+00:00\" \/>\n<meta property=\"og:image\" content=\"https:\/\/www.pittarc.com\/wp-content\/uploads\/sites\/3\/2022\/03\/header-fili-saldatura-saw.jpg\" \/>\n\t<meta property=\"og:image:width\" content=\"1900\" \/>\n\t<meta property=\"og:image:height\" content=\"560\" \/>\n\t<meta property=\"og:image:type\" content=\"image\/jpeg\" \/>\n<meta name=\"twitter:label1\" content=\"Gesch\u00e4tzte Lesezeit\" \/>\n\t<meta name=\"twitter:data1\" content=\"4\u00a0Minuten\" \/>\n<script type=\"application\/ld+json\" class=\"yoast-schema-graph\">{\"@context\":\"https:\\\/\\\/schema.org\",\"@graph\":[{\"@type\":\"WebPage\",\"@id\":\"https:\\\/\\\/www.pittarc.com\\\/de\\\/produkte\\\/unterpulver-schweissdrahte\\\/\",\"url\":\"https:\\\/\\\/www.pittarc.com\\\/de\\\/produkte\\\/unterpulver-schweissdrahte\\\/\",\"name\":\"UP-Schwei\u00dfdr\u00e4hte &#8211; Pittarc\",\"isPartOf\":{\"@id\":\"https:\\\/\\\/www.pittarc.com\\\/de\\\/#website\"},\"primaryImageOfPage\":{\"@id\":\"https:\\\/\\\/www.pittarc.com\\\/de\\\/produkte\\\/unterpulver-schweissdrahte\\\/#primaryimage\"},\"image\":{\"@id\":\"https:\\\/\\\/www.pittarc.com\\\/de\\\/produkte\\\/unterpulver-schweissdrahte\\\/#primaryimage\"},\"thumbnailUrl\":\"https:\\\/\\\/www.pittarc.com\\\/wp-content\\\/uploads\\\/sites\\\/3\\\/2022\\\/03\\\/header-fili-saldatura-saw.jpg\",\"datePublished\":\"2014-11-24T10:02:54+00:00\",\"dateModified\":\"2025-03-28T10:20:13+00:00\",\"description\":\"Geringer Gehalt an Verunreinigungen: UP-Schwei\u00dfdr\u00e4hte sind eine zuverl\u00e4ssige Wahl f\u00fcr Kohlenstoff- und niedriglegierte St\u00e4hle.\",\"breadcrumb\":{\"@id\":\"https:\\\/\\\/www.pittarc.com\\\/de\\\/produkte\\\/unterpulver-schweissdrahte\\\/#breadcrumb\"},\"inLanguage\":\"de\",\"potentialAction\":[{\"@type\":\"ReadAction\",\"target\":[\"https:\\\/\\\/www.pittarc.com\\\/de\\\/produkte\\\/unterpulver-schweissdrahte\\\/\"]}]},{\"@type\":\"ImageObject\",\"inLanguage\":\"de\",\"@id\":\"https:\\\/\\\/www.pittarc.com\\\/de\\\/produkte\\\/unterpulver-schweissdrahte\\\/#primaryimage\",\"url\":\"https:\\\/\\\/www.pittarc.com\\\/wp-content\\\/uploads\\\/sites\\\/3\\\/2022\\\/03\\\/header-fili-saldatura-saw.jpg\",\"contentUrl\":\"https:\\\/\\\/www.pittarc.com\\\/wp-content\\\/uploads\\\/sites\\\/3\\\/2022\\\/03\\\/header-fili-saldatura-saw.jpg\",\"width\":1900,\"height\":560,\"caption\":\"UP-Schwei\u00dfdr\u00e4hte pittarc\"},{\"@type\":\"BreadcrumbList\",\"@id\":\"https:\\\/\\\/www.pittarc.com\\\/de\\\/produkte\\\/unterpulver-schweissdrahte\\\/#breadcrumb\",\"itemListElement\":[{\"@type\":\"ListItem\",\"position\":1,\"name\":\"Home\",\"item\":\"https:\\\/\\\/www.pittarc.com\\\/de\\\/\"},{\"@type\":\"ListItem\",\"position\":2,\"name\":\"Produkte\",\"item\":\"https:\\\/\\\/www.pittarc.com\\\/de\\\/produkte\\\/\"},{\"@type\":\"ListItem\",\"position\":3,\"name\":\"Unterpulver-Schweissdr\u00e4hte\"}]},{\"@type\":\"WebSite\",\"@id\":\"https:\\\/\\\/www.pittarc.com\\\/de\\\/#website\",\"url\":\"https:\\\/\\\/www.pittarc.com\\\/de\\\/\",\"name\":\"Pittarc\",\"description\":\"Ecco un altro sito Gruppo Pittini\",\"potentialAction\":[{\"@type\":\"SearchAction\",\"target\":{\"@type\":\"EntryPoint\",\"urlTemplate\":\"https:\\\/\\\/www.pittarc.com\\\/de\\\/?s={search_term_string}\"},\"query-input\":{\"@type\":\"PropertyValueSpecification\",\"valueRequired\":true,\"valueName\":\"search_term_string\"}}],\"inLanguage\":\"de\"}]}<\/script>\n<!-- \/ Yoast SEO plugin. -->","yoast_head_json":{"title":"UP-Schwei\u00dfdr\u00e4hte &#8211; Pittarc","description":"Geringer Gehalt an Verunreinigungen: UP-Schwei\u00dfdr\u00e4hte sind eine zuverl\u00e4ssige Wahl f\u00fcr Kohlenstoff- und niedriglegierte St\u00e4hle.","robots":{"index":"index","follow":"follow","max-snippet":"max-snippet:-1","max-image-preview":"max-image-preview:large","max-video-preview":"max-video-preview:-1"},"canonical":"https:\/\/www.pittarc.com\/de\/produkte\/unterpulver-schweissdrahte\/","og_locale":"de_DE","og_type":"article","og_title":"UP-Schwei\u00dfdr\u00e4hte &#8211; Pittarc","og_description":"Geringer Gehalt an Verunreinigungen: UP-Schwei\u00dfdr\u00e4hte sind eine zuverl\u00e4ssige Wahl f\u00fcr Kohlenstoff- und niedriglegierte St\u00e4hle.","og_url":"https:\/\/www.pittarc.com\/de\/produkte\/unterpulver-schweissdrahte\/","og_site_name":"Pittarc","article_modified_time":"2025-03-28T10:20:13+00:00","og_image":[{"width":1900,"height":560,"url":"https:\/\/www.pittarc.com\/wp-content\/uploads\/sites\/3\/2022\/03\/header-fili-saldatura-saw.jpg","type":"image\/jpeg"}],"twitter_misc":{"Gesch\u00e4tzte Lesezeit":"4\u00a0Minuten"},"schema":{"@context":"https:\/\/schema.org","@graph":[{"@type":"WebPage","@id":"https:\/\/www.pittarc.com\/de\/produkte\/unterpulver-schweissdrahte\/","url":"https:\/\/www.pittarc.com\/de\/produkte\/unterpulver-schweissdrahte\/","name":"UP-Schwei\u00dfdr\u00e4hte &#8211; Pittarc","isPartOf":{"@id":"https:\/\/www.pittarc.com\/de\/#website"},"primaryImageOfPage":{"@id":"https:\/\/www.pittarc.com\/de\/produkte\/unterpulver-schweissdrahte\/#primaryimage"},"image":{"@id":"https:\/\/www.pittarc.com\/de\/produkte\/unterpulver-schweissdrahte\/#primaryimage"},"thumbnailUrl":"https:\/\/www.pittarc.com\/wp-content\/uploads\/sites\/3\/2022\/03\/header-fili-saldatura-saw.jpg","datePublished":"2014-11-24T10:02:54+00:00","dateModified":"2025-03-28T10:20:13+00:00","description":"Geringer Gehalt an Verunreinigungen: UP-Schwei\u00dfdr\u00e4hte sind eine zuverl\u00e4ssige Wahl f\u00fcr Kohlenstoff- und niedriglegierte St\u00e4hle.","breadcrumb":{"@id":"https:\/\/www.pittarc.com\/de\/produkte\/unterpulver-schweissdrahte\/#breadcrumb"},"inLanguage":"de","potentialAction":[{"@type":"ReadAction","target":["https:\/\/www.pittarc.com\/de\/produkte\/unterpulver-schweissdrahte\/"]}]},{"@type":"ImageObject","inLanguage":"de","@id":"https:\/\/www.pittarc.com\/de\/produkte\/unterpulver-schweissdrahte\/#primaryimage","url":"https:\/\/www.pittarc.com\/wp-content\/uploads\/sites\/3\/2022\/03\/header-fili-saldatura-saw.jpg","contentUrl":"https:\/\/www.pittarc.com\/wp-content\/uploads\/sites\/3\/2022\/03\/header-fili-saldatura-saw.jpg","width":1900,"height":560,"caption":"UP-Schwei\u00dfdr\u00e4hte pittarc"},{"@type":"BreadcrumbList","@id":"https:\/\/www.pittarc.com\/de\/produkte\/unterpulver-schweissdrahte\/#breadcrumb","itemListElement":[{"@type":"ListItem","position":1,"name":"Home","item":"https:\/\/www.pittarc.com\/de\/"},{"@type":"ListItem","position":2,"name":"Produkte","item":"https:\/\/www.pittarc.com\/de\/produkte\/"},{"@type":"ListItem","position":3,"name":"Unterpulver-Schweissdr\u00e4hte"}]},{"@type":"WebSite","@id":"https:\/\/www.pittarc.com\/de\/#website","url":"https:\/\/www.pittarc.com\/de\/","name":"Pittarc","description":"Ecco un altro sito Gruppo Pittini","potentialAction":[{"@type":"SearchAction","target":{"@type":"EntryPoint","urlTemplate":"https:\/\/www.pittarc.com\/de\/?s={search_term_string}"},"query-input":{"@type":"PropertyValueSpecification","valueRequired":true,"valueName":"search_term_string"}}],"inLanguage":"de"}]}},"_links":{"self":[{"href":"https:\/\/www.pittarc.com\/de\/wp-json\/wp\/v2\/pages\/590","targetHints":{"allow":["GET"]}}],"collection":[{"href":"https:\/\/www.pittarc.com\/de\/wp-json\/wp\/v2\/pages"}],"about":[{"href":"https:\/\/www.pittarc.com\/de\/wp-json\/wp\/v2\/types\/page"}],"author":[{"embeddable":true,"href":"https:\/\/www.pittarc.com\/de\/wp-json\/wp\/v2\/users\/1"}],"replies":[{"embeddable":true,"href":"https:\/\/www.pittarc.com\/de\/wp-json\/wp\/v2\/comments?post=590"}],"version-history":[{"count":31,"href":"https:\/\/www.pittarc.com\/de\/wp-json\/wp\/v2\/pages\/590\/revisions"}],"predecessor-version":[{"id":5481,"href":"https:\/\/www.pittarc.com\/de\/wp-json\/wp\/v2\/pages\/590\/revisions\/5481"}],"up":[{"embeddable":true,"href":"https:\/\/www.pittarc.com\/de\/wp-json\/wp\/v2\/pages\/561"}],"wp:featuredmedia":[{"embeddable":true,"href":"https:\/\/www.pittarc.com\/de\/wp-json\/wp\/v2\/media\/4400"}],"wp:attachment":[{"href":"https:\/\/www.pittarc.com\/de\/wp-json\/wp\/v2\/media?parent=590"}],"curies":[{"name":"wp","href":"https:\/\/api.w.org\/{rel}","templated":true}]}}