{"id":567,"date":"2014-11-24T10:59:29","date_gmt":"2014-11-24T09:59:29","guid":{"rendered":"http:\/\/www.pittarc.pittini.it\/?page_id=567"},"modified":"2025-07-31T09:14:59","modified_gmt":"2025-07-31T07:14:59","slug":"msg-schweissdrahte","status":"publish","type":"page","link":"https:\/\/www.pittarc.com\/de\/produkte\/msg-schweissdrahte\/","title":{"rendered":"MSG-Schwei\u00dfen"},"content":{"rendered":"<p style=\"text-align: justify\">Pittarc MSG-Schwei\u00dfdr\u00e4hte werden aus Walzdraht mit<strong> niedrigem Gas- und Verunreinigungsgehalt<\/strong> hergestellt, um Schwei\u00dfverbindungen mit hervorragenden mechanischen Eigenschaften und hoher Festigkeit zu erhalten.<\/p>\n<p>Dank seiner Erfahrung und Spezialisierung auf die Herstellung von MIG\/MAG-Schwei\u00dfdraht ist PITTARC f\u00fchrend bei Verbrauchsmaterialien wie Massivdr\u00e4hten, die eine hohe Qualit\u00e4t und hohe Leistung beim Schwei\u00dfen f\u00fcr eine Vielzahl von Anwendungen gew\u00e4hrleisten.<\/p>\n<h3>Gro\u00dfe Auswahl an Schwei\u00dfdr\u00e4hten<\/h3>\n<p style=\"text-align: justify\">Das Produktsortiment eignet sich f\u00fcr Schwei\u00dfverbindungen von Kohlenstoffstahl und niedriglegiertem Stahl und kann in einem breiten Feld von Anwendungen eingesetzt werden, wie z. B. mittleres bis schweres Metallbauwerk, Komponenten von Fahrzeugen, Tanks und im Schiffsbau.<\/p>\n<p style=\"text-align: justify\">Die MSG-Schwei\u00dfdr\u00e4hte werden mit einem Durchmesser von 0,6-1,6 mm hergestellt und sind in einem umfassenden Formatsortiment erh\u00e4ltlich:<\/p>\n<ul style=\"text-align: justify\">\n<li style=\"list-style-type: none\">\n<ul>\n<li>5 kg, 15 kg, 16 kg und 18 kg &#8211; Spulen<\/li>\n<li>250 kg, 350 kg und 450 kg &#8211; Rollen<\/li>\n<\/ul>\n<\/li>\n<\/ul>\n<h3>GMAW-Draht f\u00fcr jeden Bedarf<\/h3>\n<p style=\"text-align: justify\">Alle Schwei\u00dfdr\u00e4hte sind als Kupferdr\u00e4hte und in der <strong>GREEN ARC-Ausf\u00fchrung<\/strong> erh\u00e4ltlich, was f\u00fcr das Umweltbewusstsein, die technologische Innovation und die st\u00e4ndige Prozessverbesserung bei Pittarc steht.<\/p>\n<p><a href=\"https:\/\/www.pittarc.com\/wp-content\/uploads\/sites\/3\/2020\/07\/Pittarc-scheda-tecnica-GMAW-DE-FR.pdf\" target=\"_blank\" rel=\"noopener noreferrer\">GMAW Blatt<\/a><\/p>\n","protected":false},"excerpt":{"rendered":"<p>Pittarc MSG-Schwei\u00dfdr\u00e4hte werden aus Walzdraht mit niedrigem Gas- und Verunreinigungsgehalt hergestellt, um Schwei\u00dfverbindungen mit hervorragenden mechanischen Eigenschaften und hoher Festigkeit zu erhalten. Dank seiner Erfahrung und Spezialisierung auf die Herstellung von MIG\/MAG-Schwei\u00dfdraht ist PITTARC [&hellip;]<\/p>\n","protected":false},"author":1,"featured_media":4385,"parent":561,"menu_order":0,"comment_status":"closed","ping_status":"closed","template":"page-prodotto.php","meta":{"_acf_changed":false,"footnotes":""},"class_list":["post-567","page","type-page","status-publish","has-post-thumbnail","hentry"],"acf":[],"yoast_head":"<!-- This site is optimized with the Yoast SEO plugin v27.5 - https:\/\/yoast.com\/product\/yoast-seo-wordpress\/ -->\n<title>MSG-Schwei\u00dfdr\u00e4hte &#8211; Pittarc<\/title>\n<meta name=\"description\" content=\"Hohe mechanische Eigenschaften und Bruchfestigkeit: Dank dieser Eigenschaften werden MSG-Schwei\u00dfdr\u00e4hte in zahlreichen Anwendungen eingesetzt.\" \/>\n<meta name=\"robots\" content=\"index, follow, max-snippet:-1, max-image-preview:large, max-video-preview:-1\" \/>\n<link rel=\"canonical\" href=\"https:\/\/www.pittarc.com\/de\/produkte\/msg-schweissdrahte\/\" \/>\n<meta property=\"og:locale\" content=\"de_DE\" \/>\n<meta property=\"og:type\" content=\"article\" \/>\n<meta property=\"og:title\" content=\"MSG-Schwei\u00dfdr\u00e4hte &#8211; Pittarc\" \/>\n<meta property=\"og:description\" content=\"Hohe mechanische Eigenschaften und Bruchfestigkeit: Dank dieser Eigenschaften werden MSG-Schwei\u00dfdr\u00e4hte in zahlreichen Anwendungen eingesetzt.\" \/>\n<meta property=\"og:url\" content=\"https:\/\/www.pittarc.com\/de\/produkte\/msg-schweissdrahte\/\" \/>\n<meta property=\"og:site_name\" content=\"Pittarc\" \/>\n<meta property=\"article:modified_time\" content=\"2025-07-31T07:14:59+00:00\" \/>\n<meta property=\"og:image\" content=\"https:\/\/www.pittarc.com\/wp-content\/uploads\/sites\/3\/2022\/03\/header-fili-saldatura-gmaw.jpg\" \/>\n\t<meta property=\"og:image:width\" content=\"1900\" \/>\n\t<meta property=\"og:image:height\" content=\"560\" \/>\n\t<meta property=\"og:image:type\" content=\"image\/jpeg\" \/>\n<meta name=\"twitter:label1\" content=\"Gesch\u00e4tzte Lesezeit\" \/>\n\t<meta name=\"twitter:data1\" content=\"3\u00a0Minuten\" \/>\n<script type=\"application\/ld+json\" class=\"yoast-schema-graph\">{\"@context\":\"https:\\\/\\\/schema.org\",\"@graph\":[{\"@type\":\"WebPage\",\"@id\":\"https:\\\/\\\/www.pittarc.com\\\/de\\\/produkte\\\/msg-schweissdrahte\\\/\",\"url\":\"https:\\\/\\\/www.pittarc.com\\\/de\\\/produkte\\\/msg-schweissdrahte\\\/\",\"name\":\"MSG-Schwei\u00dfdr\u00e4hte &#8211; Pittarc\",\"isPartOf\":{\"@id\":\"https:\\\/\\\/www.pittarc.com\\\/de\\\/#website\"},\"primaryImageOfPage\":{\"@id\":\"https:\\\/\\\/www.pittarc.com\\\/de\\\/produkte\\\/msg-schweissdrahte\\\/#primaryimage\"},\"image\":{\"@id\":\"https:\\\/\\\/www.pittarc.com\\\/de\\\/produkte\\\/msg-schweissdrahte\\\/#primaryimage\"},\"thumbnailUrl\":\"https:\\\/\\\/www.pittarc.com\\\/wp-content\\\/uploads\\\/sites\\\/3\\\/2022\\\/03\\\/header-fili-saldatura-gmaw.jpg\",\"datePublished\":\"2014-11-24T09:59:29+00:00\",\"dateModified\":\"2025-07-31T07:14:59+00:00\",\"description\":\"Hohe mechanische Eigenschaften und Bruchfestigkeit: Dank dieser Eigenschaften werden MSG-Schwei\u00dfdr\u00e4hte in zahlreichen Anwendungen eingesetzt.\",\"breadcrumb\":{\"@id\":\"https:\\\/\\\/www.pittarc.com\\\/de\\\/produkte\\\/msg-schweissdrahte\\\/#breadcrumb\"},\"inLanguage\":\"de\",\"potentialAction\":[{\"@type\":\"ReadAction\",\"target\":[\"https:\\\/\\\/www.pittarc.com\\\/de\\\/produkte\\\/msg-schweissdrahte\\\/\"]}]},{\"@type\":\"ImageObject\",\"inLanguage\":\"de\",\"@id\":\"https:\\\/\\\/www.pittarc.com\\\/de\\\/produkte\\\/msg-schweissdrahte\\\/#primaryimage\",\"url\":\"https:\\\/\\\/www.pittarc.com\\\/wp-content\\\/uploads\\\/sites\\\/3\\\/2022\\\/03\\\/header-fili-saldatura-gmaw.jpg\",\"contentUrl\":\"https:\\\/\\\/www.pittarc.com\\\/wp-content\\\/uploads\\\/sites\\\/3\\\/2022\\\/03\\\/header-fili-saldatura-gmaw.jpg\",\"width\":1900,\"height\":560,\"caption\":\"MSG-Schwei\u00dfen pittarc\"},{\"@type\":\"BreadcrumbList\",\"@id\":\"https:\\\/\\\/www.pittarc.com\\\/de\\\/produkte\\\/msg-schweissdrahte\\\/#breadcrumb\",\"itemListElement\":[{\"@type\":\"ListItem\",\"position\":1,\"name\":\"Home\",\"item\":\"https:\\\/\\\/www.pittarc.com\\\/de\\\/\"},{\"@type\":\"ListItem\",\"position\":2,\"name\":\"Produkte\",\"item\":\"https:\\\/\\\/www.pittarc.com\\\/de\\\/produkte\\\/\"},{\"@type\":\"ListItem\",\"position\":3,\"name\":\"MSG-Schwei\u00dfen\"}]},{\"@type\":\"WebSite\",\"@id\":\"https:\\\/\\\/www.pittarc.com\\\/de\\\/#website\",\"url\":\"https:\\\/\\\/www.pittarc.com\\\/de\\\/\",\"name\":\"Pittarc\",\"description\":\"Ecco un altro sito Gruppo Pittini\",\"potentialAction\":[{\"@type\":\"SearchAction\",\"target\":{\"@type\":\"EntryPoint\",\"urlTemplate\":\"https:\\\/\\\/www.pittarc.com\\\/de\\\/?s={search_term_string}\"},\"query-input\":{\"@type\":\"PropertyValueSpecification\",\"valueRequired\":true,\"valueName\":\"search_term_string\"}}],\"inLanguage\":\"de\"}]}<\/script>\n<!-- \/ Yoast SEO plugin. -->","yoast_head_json":{"title":"MSG-Schwei\u00dfdr\u00e4hte &#8211; Pittarc","description":"Hohe mechanische Eigenschaften und Bruchfestigkeit: Dank dieser Eigenschaften werden MSG-Schwei\u00dfdr\u00e4hte in zahlreichen Anwendungen eingesetzt.","robots":{"index":"index","follow":"follow","max-snippet":"max-snippet:-1","max-image-preview":"max-image-preview:large","max-video-preview":"max-video-preview:-1"},"canonical":"https:\/\/www.pittarc.com\/de\/produkte\/msg-schweissdrahte\/","og_locale":"de_DE","og_type":"article","og_title":"MSG-Schwei\u00dfdr\u00e4hte &#8211; Pittarc","og_description":"Hohe mechanische Eigenschaften und Bruchfestigkeit: Dank dieser Eigenschaften werden MSG-Schwei\u00dfdr\u00e4hte in zahlreichen Anwendungen eingesetzt.","og_url":"https:\/\/www.pittarc.com\/de\/produkte\/msg-schweissdrahte\/","og_site_name":"Pittarc","article_modified_time":"2025-07-31T07:14:59+00:00","og_image":[{"width":1900,"height":560,"url":"https:\/\/www.pittarc.com\/wp-content\/uploads\/sites\/3\/2022\/03\/header-fili-saldatura-gmaw.jpg","type":"image\/jpeg"}],"twitter_misc":{"Gesch\u00e4tzte Lesezeit":"3\u00a0Minuten"},"schema":{"@context":"https:\/\/schema.org","@graph":[{"@type":"WebPage","@id":"https:\/\/www.pittarc.com\/de\/produkte\/msg-schweissdrahte\/","url":"https:\/\/www.pittarc.com\/de\/produkte\/msg-schweissdrahte\/","name":"MSG-Schwei\u00dfdr\u00e4hte &#8211; Pittarc","isPartOf":{"@id":"https:\/\/www.pittarc.com\/de\/#website"},"primaryImageOfPage":{"@id":"https:\/\/www.pittarc.com\/de\/produkte\/msg-schweissdrahte\/#primaryimage"},"image":{"@id":"https:\/\/www.pittarc.com\/de\/produkte\/msg-schweissdrahte\/#primaryimage"},"thumbnailUrl":"https:\/\/www.pittarc.com\/wp-content\/uploads\/sites\/3\/2022\/03\/header-fili-saldatura-gmaw.jpg","datePublished":"2014-11-24T09:59:29+00:00","dateModified":"2025-07-31T07:14:59+00:00","description":"Hohe mechanische Eigenschaften und Bruchfestigkeit: Dank dieser Eigenschaften werden MSG-Schwei\u00dfdr\u00e4hte in zahlreichen Anwendungen eingesetzt.","breadcrumb":{"@id":"https:\/\/www.pittarc.com\/de\/produkte\/msg-schweissdrahte\/#breadcrumb"},"inLanguage":"de","potentialAction":[{"@type":"ReadAction","target":["https:\/\/www.pittarc.com\/de\/produkte\/msg-schweissdrahte\/"]}]},{"@type":"ImageObject","inLanguage":"de","@id":"https:\/\/www.pittarc.com\/de\/produkte\/msg-schweissdrahte\/#primaryimage","url":"https:\/\/www.pittarc.com\/wp-content\/uploads\/sites\/3\/2022\/03\/header-fili-saldatura-gmaw.jpg","contentUrl":"https:\/\/www.pittarc.com\/wp-content\/uploads\/sites\/3\/2022\/03\/header-fili-saldatura-gmaw.jpg","width":1900,"height":560,"caption":"MSG-Schwei\u00dfen pittarc"},{"@type":"BreadcrumbList","@id":"https:\/\/www.pittarc.com\/de\/produkte\/msg-schweissdrahte\/#breadcrumb","itemListElement":[{"@type":"ListItem","position":1,"name":"Home","item":"https:\/\/www.pittarc.com\/de\/"},{"@type":"ListItem","position":2,"name":"Produkte","item":"https:\/\/www.pittarc.com\/de\/produkte\/"},{"@type":"ListItem","position":3,"name":"MSG-Schwei\u00dfen"}]},{"@type":"WebSite","@id":"https:\/\/www.pittarc.com\/de\/#website","url":"https:\/\/www.pittarc.com\/de\/","name":"Pittarc","description":"Ecco un altro sito Gruppo Pittini","potentialAction":[{"@type":"SearchAction","target":{"@type":"EntryPoint","urlTemplate":"https:\/\/www.pittarc.com\/de\/?s={search_term_string}"},"query-input":{"@type":"PropertyValueSpecification","valueRequired":true,"valueName":"search_term_string"}}],"inLanguage":"de"}]}},"_links":{"self":[{"href":"https:\/\/www.pittarc.com\/de\/wp-json\/wp\/v2\/pages\/567","targetHints":{"allow":["GET"]}}],"collection":[{"href":"https:\/\/www.pittarc.com\/de\/wp-json\/wp\/v2\/pages"}],"about":[{"href":"https:\/\/www.pittarc.com\/de\/wp-json\/wp\/v2\/types\/page"}],"author":[{"embeddable":true,"href":"https:\/\/www.pittarc.com\/de\/wp-json\/wp\/v2\/users\/1"}],"replies":[{"embeddable":true,"href":"https:\/\/www.pittarc.com\/de\/wp-json\/wp\/v2\/comments?post=567"}],"version-history":[{"count":37,"href":"https:\/\/www.pittarc.com\/de\/wp-json\/wp\/v2\/pages\/567\/revisions"}],"predecessor-version":[{"id":5513,"href":"https:\/\/www.pittarc.com\/de\/wp-json\/wp\/v2\/pages\/567\/revisions\/5513"}],"up":[{"embeddable":true,"href":"https:\/\/www.pittarc.com\/de\/wp-json\/wp\/v2\/pages\/561"}],"wp:featuredmedia":[{"embeddable":true,"href":"https:\/\/www.pittarc.com\/de\/wp-json\/wp\/v2\/media\/4385"}],"wp:attachment":[{"href":"https:\/\/www.pittarc.com\/de\/wp-json\/wp\/v2\/media?parent=567"}],"curies":[{"name":"wp","href":"https:\/\/api.w.org\/{rel}","templated":true}]}}