{"id":561,"date":"2014-11-24T10:39:19","date_gmt":"2014-11-24T09:39:19","guid":{"rendered":"http:\/\/www.pittarc.pittini.it\/?page_id=561"},"modified":"2025-08-28T13:50:49","modified_gmt":"2025-08-28T11:50:49","slug":"produkte","status":"publish","type":"page","link":"https:\/\/www.pittarc.com\/de\/produkte\/","title":{"rendered":"Produkte"},"content":{"rendered":"<h2>Schwei\u00dfdrahtl\u00f6sungen<\/h2>\n<p style=\"text-align: justify\"><span lang=\"DE\">PITTARC ist ein integrierter\u00a0<\/span><a title=\"https:\/\/www.pittarc.com\/de\/unternehmen\/\" href=\"https:\/\/www.pittarc.com\/de\/unternehmen\/\" target=\"_blank\" rel=\"noopener noreferrer\" aria-label=\"Collegamento Schwei\u00dfdrahthersteller\"><span lang=\"DE\">Schwei\u00dfdrahthersteller<\/span><\/a><span lang=\"DE\">\u00a0mit Produkten, die w\u00e4hrend des gesamten Herstellungszyklus \u00fcberwacht werden, vom Stahlwerk bis zum Endprodukt.<br \/>\nPITTARC ist eine Marke der Pittini Gruppe und kann daher Walzdraht verwenden, der in den Walzwerken von Osoppo und Verona hergestellt wird. Auf diese Weise bleibt die Qualit\u00e4t des verwendeten Rohmaterials im Laufe der Zeit konstant. Die Zugeh\u00f6rigkeit zu einem gro\u00dfen Stahlkonzern erm\u00f6glicht es Pittarc au\u00dferdem, vom Know-how und den Synergien zu profitieren, die mit den anderen Tochtergesellschaften des Konzerns geschaffen wurden. Dies hat auch die st\u00e4ndige Entwicklung von Technologien und Ausr\u00fcstungen erm\u00f6glicht, wodurch hohe Qualit\u00e4tsstandards f\u00fcr unsere Produkte und Schwei\u00dfdrahtl\u00f6sungen erreicht werden konnten.<\/span><\/p>\n<p><a class=\"cta-dl\" style=\"background-color: #fe5000\" href=\"https:\/\/www.pittini.it\/wp-content\/uploads\/Catalogo-Pittarc-2025-IT-ENG.pdf\" target=\"_blank\" rel=\"noopener noreferrer\">Downloaden PITTARC Katalog<\/a><\/p>\n","protected":false},"excerpt":{"rendered":"<p>Schwei\u00dfdrahtl\u00f6sungen PITTARC ist ein integrierter\u00a0Schwei\u00dfdrahthersteller\u00a0mit Produkten, die w\u00e4hrend des gesamten Herstellungszyklus \u00fcberwacht werden, vom Stahlwerk bis zum Endprodukt. PITTARC ist eine Marke der Pittini Gruppe und kann daher Walzdraht verwenden, der in den Walzwerken [&hellip;]<\/p>\n","protected":false},"author":1,"featured_media":4754,"parent":0,"menu_order":0,"comment_status":"closed","ping_status":"closed","template":"page-home-sezione.php","meta":{"_acf_changed":false,"footnotes":""},"class_list":["post-561","page","type-page","status-publish","has-post-thumbnail","hentry"],"acf":[],"yoast_head":"<!-- This site is optimized with the Yoast SEO plugin v27.5 - https:\/\/yoast.com\/product\/yoast-seo-wordpress\/ -->\n<title>Schwei\u00dfdrahtl\u00f6sungen &#8211; Pittarc<\/title>\n<meta name=\"description\" content=\"Mechanische Industrie und Infrastrukturen: Pittarc-Schwei\u00dfdr\u00e4hte garantieren hohe Leistung bei unz\u00e4hligen Anwendungen.\" \/>\n<meta name=\"robots\" content=\"index, follow, max-snippet:-1, max-image-preview:large, max-video-preview:-1\" \/>\n<link rel=\"canonical\" href=\"https:\/\/www.pittarc.com\/de\/produkte\/\" \/>\n<meta property=\"og:locale\" content=\"de_DE\" \/>\n<meta property=\"og:type\" content=\"article\" \/>\n<meta property=\"og:title\" content=\"Schwei\u00dfdrahtl\u00f6sungen &#8211; Pittarc\" \/>\n<meta property=\"og:description\" content=\"Mechanische Industrie und Infrastrukturen: Pittarc-Schwei\u00dfdr\u00e4hte garantieren hohe Leistung bei unz\u00e4hligen Anwendungen.\" \/>\n<meta property=\"og:url\" content=\"https:\/\/www.pittarc.com\/de\/produkte\/\" \/>\n<meta property=\"og:site_name\" content=\"Pittarc\" \/>\n<meta property=\"article:modified_time\" content=\"2025-08-28T11:50:49+00:00\" \/>\n<meta property=\"og:image\" content=\"https:\/\/www.pittarc.com\/wp-content\/uploads\/sites\/3\/2022\/03\/Pittarc-prodotti-header.jpg\" \/>\n\t<meta property=\"og:image:width\" content=\"1900\" \/>\n\t<meta property=\"og:image:height\" content=\"560\" \/>\n\t<meta property=\"og:image:type\" content=\"image\/jpeg\" \/>\n<meta name=\"twitter:label1\" content=\"Gesch\u00e4tzte Lesezeit\" \/>\n\t<meta name=\"twitter:data1\" content=\"2\u00a0Minuten\" \/>\n<script type=\"application\/ld+json\" class=\"yoast-schema-graph\">{\"@context\":\"https:\\\/\\\/schema.org\",\"@graph\":[{\"@type\":\"WebPage\",\"@id\":\"https:\\\/\\\/www.pittarc.com\\\/de\\\/produkte\\\/\",\"url\":\"https:\\\/\\\/www.pittarc.com\\\/de\\\/produkte\\\/\",\"name\":\"Schwei\u00dfdrahtl\u00f6sungen &#8211; Pittarc\",\"isPartOf\":{\"@id\":\"https:\\\/\\\/www.pittarc.com\\\/de\\\/#website\"},\"primaryImageOfPage\":{\"@id\":\"https:\\\/\\\/www.pittarc.com\\\/de\\\/produkte\\\/#primaryimage\"},\"image\":{\"@id\":\"https:\\\/\\\/www.pittarc.com\\\/de\\\/produkte\\\/#primaryimage\"},\"thumbnailUrl\":\"https:\\\/\\\/www.pittarc.com\\\/wp-content\\\/uploads\\\/sites\\\/3\\\/2022\\\/03\\\/Pittarc-prodotti-header.jpg\",\"datePublished\":\"2014-11-24T09:39:19+00:00\",\"dateModified\":\"2025-08-28T11:50:49+00:00\",\"description\":\"Mechanische Industrie und Infrastrukturen: Pittarc-Schwei\u00dfdr\u00e4hte garantieren hohe Leistung bei unz\u00e4hligen Anwendungen.\",\"breadcrumb\":{\"@id\":\"https:\\\/\\\/www.pittarc.com\\\/de\\\/produkte\\\/#breadcrumb\"},\"inLanguage\":\"de\",\"potentialAction\":[{\"@type\":\"ReadAction\",\"target\":[\"https:\\\/\\\/www.pittarc.com\\\/de\\\/produkte\\\/\"]}]},{\"@type\":\"ImageObject\",\"inLanguage\":\"de\",\"@id\":\"https:\\\/\\\/www.pittarc.com\\\/de\\\/produkte\\\/#primaryimage\",\"url\":\"https:\\\/\\\/www.pittarc.com\\\/wp-content\\\/uploads\\\/sites\\\/3\\\/2022\\\/03\\\/Pittarc-prodotti-header.jpg\",\"contentUrl\":\"https:\\\/\\\/www.pittarc.com\\\/wp-content\\\/uploads\\\/sites\\\/3\\\/2022\\\/03\\\/Pittarc-prodotti-header.jpg\",\"width\":1900,\"height\":560,\"caption\":\"Schwei\u00dfdrahtl\u00f6sungen\"},{\"@type\":\"BreadcrumbList\",\"@id\":\"https:\\\/\\\/www.pittarc.com\\\/de\\\/produkte\\\/#breadcrumb\",\"itemListElement\":[{\"@type\":\"ListItem\",\"position\":1,\"name\":\"Home\",\"item\":\"https:\\\/\\\/www.pittarc.com\\\/de\\\/\"},{\"@type\":\"ListItem\",\"position\":2,\"name\":\"Produkte\"}]},{\"@type\":\"WebSite\",\"@id\":\"https:\\\/\\\/www.pittarc.com\\\/de\\\/#website\",\"url\":\"https:\\\/\\\/www.pittarc.com\\\/de\\\/\",\"name\":\"Pittarc\",\"description\":\"Ecco un altro sito Gruppo Pittini\",\"potentialAction\":[{\"@type\":\"SearchAction\",\"target\":{\"@type\":\"EntryPoint\",\"urlTemplate\":\"https:\\\/\\\/www.pittarc.com\\\/de\\\/?s={search_term_string}\"},\"query-input\":{\"@type\":\"PropertyValueSpecification\",\"valueRequired\":true,\"valueName\":\"search_term_string\"}}],\"inLanguage\":\"de\"}]}<\/script>\n<!-- \/ Yoast SEO plugin. -->","yoast_head_json":{"title":"Schwei\u00dfdrahtl\u00f6sungen &#8211; Pittarc","description":"Mechanische Industrie und Infrastrukturen: Pittarc-Schwei\u00dfdr\u00e4hte garantieren hohe Leistung bei unz\u00e4hligen Anwendungen.","robots":{"index":"index","follow":"follow","max-snippet":"max-snippet:-1","max-image-preview":"max-image-preview:large","max-video-preview":"max-video-preview:-1"},"canonical":"https:\/\/www.pittarc.com\/de\/produkte\/","og_locale":"de_DE","og_type":"article","og_title":"Schwei\u00dfdrahtl\u00f6sungen &#8211; Pittarc","og_description":"Mechanische Industrie und Infrastrukturen: Pittarc-Schwei\u00dfdr\u00e4hte garantieren hohe Leistung bei unz\u00e4hligen Anwendungen.","og_url":"https:\/\/www.pittarc.com\/de\/produkte\/","og_site_name":"Pittarc","article_modified_time":"2025-08-28T11:50:49+00:00","og_image":[{"width":1900,"height":560,"url":"https:\/\/www.pittarc.com\/wp-content\/uploads\/sites\/3\/2022\/03\/Pittarc-prodotti-header.jpg","type":"image\/jpeg"}],"twitter_misc":{"Gesch\u00e4tzte Lesezeit":"2\u00a0Minuten"},"schema":{"@context":"https:\/\/schema.org","@graph":[{"@type":"WebPage","@id":"https:\/\/www.pittarc.com\/de\/produkte\/","url":"https:\/\/www.pittarc.com\/de\/produkte\/","name":"Schwei\u00dfdrahtl\u00f6sungen &#8211; Pittarc","isPartOf":{"@id":"https:\/\/www.pittarc.com\/de\/#website"},"primaryImageOfPage":{"@id":"https:\/\/www.pittarc.com\/de\/produkte\/#primaryimage"},"image":{"@id":"https:\/\/www.pittarc.com\/de\/produkte\/#primaryimage"},"thumbnailUrl":"https:\/\/www.pittarc.com\/wp-content\/uploads\/sites\/3\/2022\/03\/Pittarc-prodotti-header.jpg","datePublished":"2014-11-24T09:39:19+00:00","dateModified":"2025-08-28T11:50:49+00:00","description":"Mechanische Industrie und Infrastrukturen: Pittarc-Schwei\u00dfdr\u00e4hte garantieren hohe Leistung bei unz\u00e4hligen Anwendungen.","breadcrumb":{"@id":"https:\/\/www.pittarc.com\/de\/produkte\/#breadcrumb"},"inLanguage":"de","potentialAction":[{"@type":"ReadAction","target":["https:\/\/www.pittarc.com\/de\/produkte\/"]}]},{"@type":"ImageObject","inLanguage":"de","@id":"https:\/\/www.pittarc.com\/de\/produkte\/#primaryimage","url":"https:\/\/www.pittarc.com\/wp-content\/uploads\/sites\/3\/2022\/03\/Pittarc-prodotti-header.jpg","contentUrl":"https:\/\/www.pittarc.com\/wp-content\/uploads\/sites\/3\/2022\/03\/Pittarc-prodotti-header.jpg","width":1900,"height":560,"caption":"Schwei\u00dfdrahtl\u00f6sungen"},{"@type":"BreadcrumbList","@id":"https:\/\/www.pittarc.com\/de\/produkte\/#breadcrumb","itemListElement":[{"@type":"ListItem","position":1,"name":"Home","item":"https:\/\/www.pittarc.com\/de\/"},{"@type":"ListItem","position":2,"name":"Produkte"}]},{"@type":"WebSite","@id":"https:\/\/www.pittarc.com\/de\/#website","url":"https:\/\/www.pittarc.com\/de\/","name":"Pittarc","description":"Ecco un altro sito Gruppo Pittini","potentialAction":[{"@type":"SearchAction","target":{"@type":"EntryPoint","urlTemplate":"https:\/\/www.pittarc.com\/de\/?s={search_term_string}"},"query-input":{"@type":"PropertyValueSpecification","valueRequired":true,"valueName":"search_term_string"}}],"inLanguage":"de"}]}},"_links":{"self":[{"href":"https:\/\/www.pittarc.com\/de\/wp-json\/wp\/v2\/pages\/561","targetHints":{"allow":["GET"]}}],"collection":[{"href":"https:\/\/www.pittarc.com\/de\/wp-json\/wp\/v2\/pages"}],"about":[{"href":"https:\/\/www.pittarc.com\/de\/wp-json\/wp\/v2\/types\/page"}],"author":[{"embeddable":true,"href":"https:\/\/www.pittarc.com\/de\/wp-json\/wp\/v2\/users\/1"}],"replies":[{"embeddable":true,"href":"https:\/\/www.pittarc.com\/de\/wp-json\/wp\/v2\/comments?post=561"}],"version-history":[{"count":8,"href":"https:\/\/www.pittarc.com\/de\/wp-json\/wp\/v2\/pages\/561\/revisions"}],"predecessor-version":[{"id":5518,"href":"https:\/\/www.pittarc.com\/de\/wp-json\/wp\/v2\/pages\/561\/revisions\/5518"}],"wp:featuredmedia":[{"embeddable":true,"href":"https:\/\/www.pittarc.com\/de\/wp-json\/wp\/v2\/media\/4754"}],"wp:attachment":[{"href":"https:\/\/www.pittarc.com\/de\/wp-json\/wp\/v2\/media?parent=561"}],"curies":[{"name":"wp","href":"https:\/\/api.w.org\/{rel}","templated":true}]}}