{"id":3134,"date":"2018-10-09T16:20:06","date_gmt":"2018-10-09T14:20:06","guid":{"rendered":"https:\/\/www.pittarc.com\/newsletter-policy\/"},"modified":"2018-11-13T15:51:39","modified_gmt":"2018-11-13T14:51:39","slug":"newsletter-policy","status":"publish","type":"page","link":"https:\/\/www.pittarc.com\/de\/newsletter-policy\/","title":{"rendered":"Newsletter Policy"},"content":{"rendered":"<p>Diese Datenschutzerkl\u00e4rung erfolgt nach den Artikeln 13 und 14 der EU-Verordnung 2016\/679 (DSGVO).<\/p>\n<p style=\"text-align: justify\">Der <em>Newsletter<\/em> von S.I.A.T. S.p.A. (bzw. \u201eS.I.A.T.\u201c bzw. \u201eVerantwortlicher der Datenverarbeitung\u201c) wird per E-Mail an alle Personen geschickt, die dies ausdr\u00fccklich beantragen, indem sie das Formular auf dieser Seite ausf\u00fcllen und in die Verarbeitung ihrer personenbezogenen Daten durch die S.I.A.T. einwilligen.<\/p>\n<p style=\"text-align: justify\">Die Angabe der Daten erfolgt freiwillig. Die Weigerung der Datenangabe bedeutet, dass der Newsletter-Service nicht erbracht werden kann.<\/p>\n<p><strong>Zweck der Datenverarbeitung<br \/>\n<\/strong>Die von den Nutzern angegebenen personenbezogenen Daten werden nur zum Zweck des Newsletter-Versands verwendet und nicht an Dritte weitergegeben.<\/p>\n<p style=\"text-align: justify\"><strong>Modalit\u00e4ten der Datenverarbeitung<br \/>\n<\/strong>Die erhobenen Daten werden elektronisch verarbeitet.<br \/>\nGeeignete Sicherheitsma\u00dfnahmen werden befolgt, um einem Datenverlust, einer unrechtm\u00e4\u00dfigen oder ungeeigneten Verwendung oder einem nicht genehmigten Zugriff vorzubeugen.<\/p>\n<p style=\"text-align: justify\"><strong>Der Verantwortliche<br \/>\n<\/strong>Verantwortlicher der Datenverarbeitung ist S.I.A.T. S.p.A. mit Sitz in Via Facini 54, 33013 Gemona del Friuli (UD).<\/p>\n<p style=\"text-align: justify\">Die Verarbeitung der personenbezogenen Daten in Verbindung mit dem Newsletter-Service erfolgt am Unternehmenssitz durch dazu befugtes Personal.<\/p>\n<p style=\"text-align: justify\"><strong>Rechte der Betroffenen<br \/>\n<\/strong>Die Personen, auf die sich die personenbezogenen Daten beziehen, haben das Recht, jederzeit eine Best\u00e4tigung \u00fcber das Vorhandensein oder Nichtvorhandensein dieser Daten zu erhalten, ihren Inhalt und ihre Herkunft zu erfahren, ihre \u00dcbereinstimmung mit den tats\u00e4chlichen Verh\u00e4ltnissen zu pr\u00fcfen oder deren Erg\u00e4nzung, Aktualisierung oder Richtigstellung zu verlangen (gem\u00e4\u00df Artikel 15-22 DSGVO).<\/p>\n<p>Die Betroffenen haben zudem das Recht, die L\u00f6schung, die Umwandlung in eine anonymisierte Form oder die Sperrung der widerrechtlich verarbeiteten Daten zu verlangen sowie sich in jedem Fall aus berechtigten Gr\u00fcnden deren Verarbeitung zu widersetzen.<\/p>\n<p>Entsprechende Antr\u00e4ge sind zu schicken an:<\/p>\n<p><strong>SIAT S.p.A<br \/>\n<\/strong>Via Facini 54 &#8211; 33013 Gemona del Friuli (UD)<br \/>\nTel: +39 0432 0628111 &#8211; Fax: +39 0432 062960<\/p>\n<p>oder,<\/p>\n<p>per E-Mail an die Adresse <a href=\"mailto:privacy@pittini.it\">privacy@pittini.it<\/a>.<\/p>\n<p>F\u00fcr weitere Informationen wird auf die <a href=\"https:\/\/www.pittarc.com\/de\/policy-privacy\/\" target=\"_blank\" rel=\"noopener\">Datenschutzerkl\u00e4rung<\/a> auf der Website von S.I.A.T. S.p.A. verwiesen.<\/p>\n<p>Bei Problemen senden Sie einen Hinweis per E-Mail an: <a href=\"mailto:privacy@pittini.it\">privacy@pittini.it<\/a>.<\/p>\n<p><strong>ABMELDUNG VOM NEWSLETTER<\/strong><\/p>\n<p>Wenn Sie den Newsletter nicht mehr erhalten m\u00f6chten, bitte klicken Sie auf den unten eingef\u00fcgten Link   \u201ehier  abmelden\u201c.<br \/>\nBei Problemen senden Sie einen Hinweis per E-Mail an: <a href=\"mailto:marketing@pittini.it\">marketing@pittini.it<\/a>.<\/p>\n","protected":false},"excerpt":{"rendered":"<p>Diese Datenschutzerkl\u00e4rung erfolgt nach den Artikeln 13 und 14 der EU-Verordnung 2016\/679 (DSGVO). Der Newsletter von S.I.A.T. S.p.A. (bzw. \u201eS.I.A.T.\u201c bzw. \u201eVerantwortlicher der Datenverarbeitung\u201c) wird per E-Mail an alle Personen geschickt, die dies ausdr\u00fccklich [&hellip;]<\/p>\n","protected":false},"author":14,"featured_media":0,"parent":0,"menu_order":0,"comment_status":"closed","ping_status":"closed","template":"","meta":{"_acf_changed":false,"footnotes":""},"class_list":["post-3134","page","type-page","status-publish","hentry"],"acf":[],"yoast_head":"<!-- This site is optimized with the Yoast SEO plugin v27.4 - https:\/\/yoast.com\/product\/yoast-seo-wordpress\/ -->\n<title>Newsletter Policy &#8211; Pittarc<\/title>\n<meta name=\"description\" content=\"Diese Datenschutzerkl\u00e4rung erfolgt nach den Artikeln 13 und 14 der EU-Verordnung 2016\/679 (DSGVO). Der Newsletter von S.I.A.T. S.p.A. (bzw. \u201eS.I.A.T.\u201c\" \/>\n<meta name=\"robots\" content=\"index, follow, max-snippet:-1, max-image-preview:large, max-video-preview:-1\" \/>\n<link rel=\"canonical\" href=\"https:\/\/www.pittarc.com\/de\/newsletter-policy\/\" \/>\n<meta property=\"og:locale\" content=\"de_DE\" \/>\n<meta property=\"og:type\" content=\"article\" \/>\n<meta property=\"og:title\" content=\"Newsletter Policy &#8211; Pittarc\" \/>\n<meta property=\"og:description\" content=\"Diese Datenschutzerkl\u00e4rung erfolgt nach den Artikeln 13 und 14 der EU-Verordnung 2016\/679 (DSGVO). Der Newsletter von S.I.A.T. S.p.A. (bzw. \u201eS.I.A.T.\u201c\" \/>\n<meta property=\"og:url\" content=\"https:\/\/www.pittarc.com\/de\/newsletter-policy\/\" \/>\n<meta property=\"og:site_name\" content=\"Pittarc\" \/>\n<meta property=\"article:modified_time\" content=\"2018-11-13T14:51:39+00:00\" \/>\n<meta name=\"twitter:label1\" content=\"Gesch\u00e4tzte Lesezeit\" \/>\n\t<meta name=\"twitter:data1\" content=\"2\u00a0Minuten\" \/>\n<script type=\"application\/ld+json\" class=\"yoast-schema-graph\">{\"@context\":\"https:\\\/\\\/schema.org\",\"@graph\":[{\"@type\":\"WebPage\",\"@id\":\"https:\\\/\\\/www.pittarc.com\\\/de\\\/newsletter-policy\\\/\",\"url\":\"https:\\\/\\\/www.pittarc.com\\\/de\\\/newsletter-policy\\\/\",\"name\":\"Newsletter Policy &#8211; Pittarc\",\"isPartOf\":{\"@id\":\"https:\\\/\\\/www.pittarc.com\\\/de\\\/#website\"},\"datePublished\":\"2018-10-09T14:20:06+00:00\",\"dateModified\":\"2018-11-13T14:51:39+00:00\",\"description\":\"Diese Datenschutzerkl\u00e4rung erfolgt nach den Artikeln 13 und 14 der EU-Verordnung 2016\\\/679 (DSGVO). Der Newsletter von S.I.A.T. S.p.A. (bzw. \u201eS.I.A.T.\u201c\",\"breadcrumb\":{\"@id\":\"https:\\\/\\\/www.pittarc.com\\\/de\\\/newsletter-policy\\\/#breadcrumb\"},\"inLanguage\":\"de\",\"potentialAction\":[{\"@type\":\"ReadAction\",\"target\":[\"https:\\\/\\\/www.pittarc.com\\\/de\\\/newsletter-policy\\\/\"]}]},{\"@type\":\"BreadcrumbList\",\"@id\":\"https:\\\/\\\/www.pittarc.com\\\/de\\\/newsletter-policy\\\/#breadcrumb\",\"itemListElement\":[{\"@type\":\"ListItem\",\"position\":1,\"name\":\"Home\",\"item\":\"https:\\\/\\\/www.pittarc.com\\\/de\\\/\"},{\"@type\":\"ListItem\",\"position\":2,\"name\":\"Newsletter Policy\"}]},{\"@type\":\"WebSite\",\"@id\":\"https:\\\/\\\/www.pittarc.com\\\/de\\\/#website\",\"url\":\"https:\\\/\\\/www.pittarc.com\\\/de\\\/\",\"name\":\"Pittarc\",\"description\":\"Ecco un altro sito Gruppo Pittini\",\"potentialAction\":[{\"@type\":\"SearchAction\",\"target\":{\"@type\":\"EntryPoint\",\"urlTemplate\":\"https:\\\/\\\/www.pittarc.com\\\/de\\\/?s={search_term_string}\"},\"query-input\":{\"@type\":\"PropertyValueSpecification\",\"valueRequired\":true,\"valueName\":\"search_term_string\"}}],\"inLanguage\":\"de\"}]}<\/script>\n<!-- \/ Yoast SEO plugin. -->","yoast_head_json":{"title":"Newsletter Policy &#8211; Pittarc","description":"Diese Datenschutzerkl\u00e4rung erfolgt nach den Artikeln 13 und 14 der EU-Verordnung 2016\/679 (DSGVO). Der Newsletter von S.I.A.T. S.p.A. (bzw. \u201eS.I.A.T.\u201c","robots":{"index":"index","follow":"follow","max-snippet":"max-snippet:-1","max-image-preview":"max-image-preview:large","max-video-preview":"max-video-preview:-1"},"canonical":"https:\/\/www.pittarc.com\/de\/newsletter-policy\/","og_locale":"de_DE","og_type":"article","og_title":"Newsletter Policy &#8211; Pittarc","og_description":"Diese Datenschutzerkl\u00e4rung erfolgt nach den Artikeln 13 und 14 der EU-Verordnung 2016\/679 (DSGVO). Der Newsletter von S.I.A.T. S.p.A. (bzw. \u201eS.I.A.T.\u201c","og_url":"https:\/\/www.pittarc.com\/de\/newsletter-policy\/","og_site_name":"Pittarc","article_modified_time":"2018-11-13T14:51:39+00:00","twitter_misc":{"Gesch\u00e4tzte Lesezeit":"2\u00a0Minuten"},"schema":{"@context":"https:\/\/schema.org","@graph":[{"@type":"WebPage","@id":"https:\/\/www.pittarc.com\/de\/newsletter-policy\/","url":"https:\/\/www.pittarc.com\/de\/newsletter-policy\/","name":"Newsletter Policy &#8211; Pittarc","isPartOf":{"@id":"https:\/\/www.pittarc.com\/de\/#website"},"datePublished":"2018-10-09T14:20:06+00:00","dateModified":"2018-11-13T14:51:39+00:00","description":"Diese Datenschutzerkl\u00e4rung erfolgt nach den Artikeln 13 und 14 der EU-Verordnung 2016\/679 (DSGVO). Der Newsletter von S.I.A.T. S.p.A. (bzw. \u201eS.I.A.T.\u201c","breadcrumb":{"@id":"https:\/\/www.pittarc.com\/de\/newsletter-policy\/#breadcrumb"},"inLanguage":"de","potentialAction":[{"@type":"ReadAction","target":["https:\/\/www.pittarc.com\/de\/newsletter-policy\/"]}]},{"@type":"BreadcrumbList","@id":"https:\/\/www.pittarc.com\/de\/newsletter-policy\/#breadcrumb","itemListElement":[{"@type":"ListItem","position":1,"name":"Home","item":"https:\/\/www.pittarc.com\/de\/"},{"@type":"ListItem","position":2,"name":"Newsletter Policy"}]},{"@type":"WebSite","@id":"https:\/\/www.pittarc.com\/de\/#website","url":"https:\/\/www.pittarc.com\/de\/","name":"Pittarc","description":"Ecco un altro sito Gruppo Pittini","potentialAction":[{"@type":"SearchAction","target":{"@type":"EntryPoint","urlTemplate":"https:\/\/www.pittarc.com\/de\/?s={search_term_string}"},"query-input":{"@type":"PropertyValueSpecification","valueRequired":true,"valueName":"search_term_string"}}],"inLanguage":"de"}]}},"_links":{"self":[{"href":"https:\/\/www.pittarc.com\/de\/wp-json\/wp\/v2\/pages\/3134","targetHints":{"allow":["GET"]}}],"collection":[{"href":"https:\/\/www.pittarc.com\/de\/wp-json\/wp\/v2\/pages"}],"about":[{"href":"https:\/\/www.pittarc.com\/de\/wp-json\/wp\/v2\/types\/page"}],"author":[{"embeddable":true,"href":"https:\/\/www.pittarc.com\/de\/wp-json\/wp\/v2\/users\/14"}],"replies":[{"embeddable":true,"href":"https:\/\/www.pittarc.com\/de\/wp-json\/wp\/v2\/comments?post=3134"}],"version-history":[{"count":5,"href":"https:\/\/www.pittarc.com\/de\/wp-json\/wp\/v2\/pages\/3134\/revisions"}],"predecessor-version":[{"id":3209,"href":"https:\/\/www.pittarc.com\/de\/wp-json\/wp\/v2\/pages\/3134\/revisions\/3209"}],"wp:attachment":[{"href":"https:\/\/www.pittarc.com\/de\/wp-json\/wp\/v2\/media?parent=3134"}],"curies":[{"name":"wp","href":"https:\/\/api.w.org\/{rel}","templated":true}]}}