{"id":3086,"date":"2018-09-12T16:38:48","date_gmt":"2018-09-12T14:38:48","guid":{"rendered":"https:\/\/www.pittarc.com\/?page_id=3086"},"modified":"2018-11-06T12:25:16","modified_gmt":"2018-11-06T11:25:16","slug":"rechtliche-urheberrecht","status":"publish","type":"page","link":"https:\/\/www.pittarc.com\/de\/rechtliche-urheberrecht\/","title":{"rendered":"Rechtliche Urheberrecht"},"content":{"rendered":"<p><strong>UNTERNEHMENSDATEN<\/strong><\/p>\n<p>Firma: S.I.A.T. S.p.A. &#8211; Societ\u00e0 Italiana Acciai Trafilati<br \/>\nRechtssitz und operativer Sitz: Via Facini, 54 &#8211; 33013 Gemona del Friuli (UD)<br \/>\nSteuernummer: 00166750307<br \/>\nUID: 00166750307<br \/>\nHandelsregister: Udine<br \/>\nVWV: UD-115789<\/p>\n<p style=\"text-align: justify\"><strong>DATENSCHUTZ- UND EINWILLIGUNGSERKL\u00c4RUNGEN DER UNTERNEHMEN<\/strong><\/p>\n<p style=\"text-align: justify\"><strong>S.I.A.T. S.p.A.<br \/>\nSOCIET\u00c1 ITALIANA ACCIAI TRAFILATI<br \/>\n<\/strong>Via Facini, 54 &#8211; 33013 Gemona del Friuli (UD)<br \/>\nSteuernummer: 00166750307<br \/>\nUID: 00166750307<br \/>\nHandelsregister: Udine<br \/>\nVWV: UD-115789<strong><br \/>\n<\/strong><\/p>\n<p><u><a href=\"https:\/\/www.pittarc.com\/wp-content\/uploads\/sites\/3\/2018\/10\/SIAT-PITTARC-Legal-Information-Customers.pdf\" target=\"_blank\" rel=\"noopener\">Datenschutzinformation und Einwilligung in die Datenverarbeitung &#8211; Kunden<\/a><br \/>\n<a href=\"https:\/\/www.pittarc.com\/wp-content\/uploads\/sites\/3\/2018\/10\/SIAT-PITTARC-Legal-Information-Suppliers.pdf\" target=\"_blank\" rel=\"noopener\">Datenschutzinformation und Einwilligung in die Datenverarbeitung &#8211; Zulieferer<\/a><br \/>\n<a href=\"https:\/\/www.pittarc.com\/wp-content\/uploads\/sites\/3\/2018\/11\/SIAT-PITTARC-Legal-Information-Employees.pdf\" target=\"_blank\" rel=\"noopener\">Datenschutzinformation und Einwilligung in die Datenverarbeitung \u2013 Mitarbeiter<\/a><br \/>\n<\/u><\/p>\n<p><u><\/u><u><a href=\"https:\/\/www.pittarc.com\/de\/policy-privacy\/\" target=\"_blank\" rel=\"noopener\">Datenschutzerkl\u00e4rung der Website www.pittarc.com<\/a><\/u><\/p>\n<p>&nbsp;<\/p>\n<p style=\"text-align: justify\"><strong>HINWEISE ZU URHEBERRECHTEN UND EINGETRAGENEN MARKENZEICHEN<\/strong><\/p>\n<p style=\"text-align: justify\">Der gesamte Inhalt dieser Website ist durch Urheberrechte (Copyright \u00a9) 2018 der S.I.A.T. S.p.A. oder ihrer Lieferanten gesch\u00fctzt. Alle Rechte sind entsprechend den gesetzlichen Bestimmungen den Rechtsinhabern vorbehalten.<\/p>\n<p>Nach Art. 1, Abs. 1 Gesetzesdekret Nr. 72 vom 22. M\u00e4rz 2004, ge\u00e4ndert durch das Umwandlungsgesetz Nr. 128 vom 21. Mai 2004, erf\u00fcllen die Werke auf dieser Website die urheberrechtlichen Pflichten.<\/p>\n<p>Die Vervielf\u00e4ltigung, die Bekanntmachung in der \u00d6ffentlichkeit, die Bereitstellung an die \u00d6ffentlichkeit, der Verleih und die Ausleihe, die \u00f6ffentliche Vollstreckung und die Verbreitung ohne vorherige Genehmigung des Rechtsinhabers ist verboten.<\/p>\n<p>Entsprechende Rechtsverletzungen werden mit den Sanktionen nach Art. 171, 171-bis, 171-ter, 174-bis und 174-ter des Gesetzes 633\/1941 bestraft.<\/p>\n<p>Nach Art. 5 Gesetz Nr. 633 vom 22. April 1941 \u00fcber den Schutz des Urheberrechts sind die Texte der amtlichen Urkunden des Staates und der italienischen und ausl\u00e4ndischen \u00f6ffentlichen Verwaltungsstellen nicht urheberrechtlich gesch\u00fctzt.<\/p>\n<p>Das angegebene Copyright bezieht sich auf die Verarbeitung und Pr\u00e4sentationsform der Texte.<\/p>\n<p>Behauptete urheberrechtliche Verletzungen<strong>.<\/strong><\/p>\n<p>Diese Mitteilungen sind schriftlich an den zust\u00e4ndigen Vertreter der S.I.A.T. S.p.A. an die folgende Anschrift, Faxnummer oder E-Mail-Adresse zu \u00fcbermitteln:<\/p>\n<p style=\"text-align: justify\"><strong>S.I.A.T. S.p.A.<\/strong><br \/>\n<strong> SOCIET\u00c1 ITALIANA ACCIAI TRAFILATI<br \/>\n<\/strong>Via Facini, 54 &#8211; 33013 Gemona del Friuli (UD)<br \/>\nTel: +39 0432 062811<br \/>\nFax: +39 0432 062960<\/p>\n","protected":false},"excerpt":{"rendered":"<p>UNTERNEHMENSDATEN Firma: S.I.A.T. S.p.A. &#8211; Societ\u00e0 Italiana Acciai Trafilati Rechtssitz und operativer Sitz: Via Facini, 54 &#8211; 33013 Gemona del Friuli (UD) Steuernummer: 00166750307 UID: 00166750307 Handelsregister: Udine VWV: UD-115789 DATENSCHUTZ- UND EINWILLIGUNGSERKL\u00c4RUNGEN DER [&hellip;]<\/p>\n","protected":false},"author":1,"featured_media":0,"parent":0,"menu_order":0,"comment_status":"closed","ping_status":"closed","template":"","meta":{"_acf_changed":false,"footnotes":""},"class_list":["post-3086","page","type-page","status-publish","hentry"],"acf":[],"yoast_head":"<!-- This site is optimized with the Yoast SEO plugin v27.5 - https:\/\/yoast.com\/product\/yoast-seo-wordpress\/ -->\n<title>Rechtliche Urheberrecht &#8211; Pittarc<\/title>\n<meta name=\"description\" content=\"UNTERNEHMENSDATEN Firma: S.I.A.T. S.p.A. - Societ\u00e0 Italiana Acciai Trafilati Rechtssitz und operativer Sitz: Via Facini, 54 - 33013 Gemona del Friuli (UD)\" \/>\n<meta name=\"robots\" content=\"index, follow, max-snippet:-1, max-image-preview:large, max-video-preview:-1\" \/>\n<link rel=\"canonical\" href=\"https:\/\/www.pittarc.com\/de\/rechtliche-urheberrecht\/\" \/>\n<meta property=\"og:locale\" content=\"de_DE\" \/>\n<meta property=\"og:type\" content=\"article\" \/>\n<meta property=\"og:title\" content=\"Rechtliche Urheberrecht &#8211; Pittarc\" \/>\n<meta property=\"og:description\" content=\"UNTERNEHMENSDATEN Firma: S.I.A.T. S.p.A. - Societ\u00e0 Italiana Acciai Trafilati Rechtssitz und operativer Sitz: Via Facini, 54 - 33013 Gemona del Friuli (UD)\" \/>\n<meta property=\"og:url\" content=\"https:\/\/www.pittarc.com\/de\/rechtliche-urheberrecht\/\" \/>\n<meta property=\"og:site_name\" content=\"Pittarc\" \/>\n<meta property=\"article:modified_time\" content=\"2018-11-06T11:25:16+00:00\" \/>\n<meta name=\"twitter:label1\" content=\"Gesch\u00e4tzte Lesezeit\" \/>\n\t<meta name=\"twitter:data1\" content=\"1\u00a0Minute\" \/>\n<script type=\"application\/ld+json\" class=\"yoast-schema-graph\">{\"@context\":\"https:\\\/\\\/schema.org\",\"@graph\":[{\"@type\":\"WebPage\",\"@id\":\"https:\\\/\\\/www.pittarc.com\\\/de\\\/rechtliche-urheberrecht\\\/\",\"url\":\"https:\\\/\\\/www.pittarc.com\\\/de\\\/rechtliche-urheberrecht\\\/\",\"name\":\"Rechtliche Urheberrecht &#8211; Pittarc\",\"isPartOf\":{\"@id\":\"https:\\\/\\\/www.pittarc.com\\\/de\\\/#website\"},\"datePublished\":\"2018-09-12T14:38:48+00:00\",\"dateModified\":\"2018-11-06T11:25:16+00:00\",\"description\":\"UNTERNEHMENSDATEN Firma: S.I.A.T. S.p.A. - Societ\u00e0 Italiana Acciai Trafilati Rechtssitz und operativer Sitz: Via Facini, 54 - 33013 Gemona del Friuli (UD)\",\"breadcrumb\":{\"@id\":\"https:\\\/\\\/www.pittarc.com\\\/de\\\/rechtliche-urheberrecht\\\/#breadcrumb\"},\"inLanguage\":\"de\",\"potentialAction\":[{\"@type\":\"ReadAction\",\"target\":[\"https:\\\/\\\/www.pittarc.com\\\/de\\\/rechtliche-urheberrecht\\\/\"]}]},{\"@type\":\"BreadcrumbList\",\"@id\":\"https:\\\/\\\/www.pittarc.com\\\/de\\\/rechtliche-urheberrecht\\\/#breadcrumb\",\"itemListElement\":[{\"@type\":\"ListItem\",\"position\":1,\"name\":\"Home\",\"item\":\"https:\\\/\\\/www.pittarc.com\\\/de\\\/\"},{\"@type\":\"ListItem\",\"position\":2,\"name\":\"Rechtliche Urheberrecht\"}]},{\"@type\":\"WebSite\",\"@id\":\"https:\\\/\\\/www.pittarc.com\\\/de\\\/#website\",\"url\":\"https:\\\/\\\/www.pittarc.com\\\/de\\\/\",\"name\":\"Pittarc\",\"description\":\"Ecco un altro sito Gruppo Pittini\",\"potentialAction\":[{\"@type\":\"SearchAction\",\"target\":{\"@type\":\"EntryPoint\",\"urlTemplate\":\"https:\\\/\\\/www.pittarc.com\\\/de\\\/?s={search_term_string}\"},\"query-input\":{\"@type\":\"PropertyValueSpecification\",\"valueRequired\":true,\"valueName\":\"search_term_string\"}}],\"inLanguage\":\"de\"}]}<\/script>\n<!-- \/ Yoast SEO plugin. -->","yoast_head_json":{"title":"Rechtliche Urheberrecht &#8211; Pittarc","description":"UNTERNEHMENSDATEN Firma: S.I.A.T. S.p.A. - Societ\u00e0 Italiana Acciai Trafilati Rechtssitz und operativer Sitz: Via Facini, 54 - 33013 Gemona del Friuli (UD)","robots":{"index":"index","follow":"follow","max-snippet":"max-snippet:-1","max-image-preview":"max-image-preview:large","max-video-preview":"max-video-preview:-1"},"canonical":"https:\/\/www.pittarc.com\/de\/rechtliche-urheberrecht\/","og_locale":"de_DE","og_type":"article","og_title":"Rechtliche Urheberrecht &#8211; Pittarc","og_description":"UNTERNEHMENSDATEN Firma: S.I.A.T. S.p.A. - Societ\u00e0 Italiana Acciai Trafilati Rechtssitz und operativer Sitz: Via Facini, 54 - 33013 Gemona del Friuli (UD)","og_url":"https:\/\/www.pittarc.com\/de\/rechtliche-urheberrecht\/","og_site_name":"Pittarc","article_modified_time":"2018-11-06T11:25:16+00:00","twitter_misc":{"Gesch\u00e4tzte Lesezeit":"1\u00a0Minute"},"schema":{"@context":"https:\/\/schema.org","@graph":[{"@type":"WebPage","@id":"https:\/\/www.pittarc.com\/de\/rechtliche-urheberrecht\/","url":"https:\/\/www.pittarc.com\/de\/rechtliche-urheberrecht\/","name":"Rechtliche Urheberrecht &#8211; Pittarc","isPartOf":{"@id":"https:\/\/www.pittarc.com\/de\/#website"},"datePublished":"2018-09-12T14:38:48+00:00","dateModified":"2018-11-06T11:25:16+00:00","description":"UNTERNEHMENSDATEN Firma: S.I.A.T. S.p.A. - Societ\u00e0 Italiana Acciai Trafilati Rechtssitz und operativer Sitz: Via Facini, 54 - 33013 Gemona del Friuli (UD)","breadcrumb":{"@id":"https:\/\/www.pittarc.com\/de\/rechtliche-urheberrecht\/#breadcrumb"},"inLanguage":"de","potentialAction":[{"@type":"ReadAction","target":["https:\/\/www.pittarc.com\/de\/rechtliche-urheberrecht\/"]}]},{"@type":"BreadcrumbList","@id":"https:\/\/www.pittarc.com\/de\/rechtliche-urheberrecht\/#breadcrumb","itemListElement":[{"@type":"ListItem","position":1,"name":"Home","item":"https:\/\/www.pittarc.com\/de\/"},{"@type":"ListItem","position":2,"name":"Rechtliche Urheberrecht"}]},{"@type":"WebSite","@id":"https:\/\/www.pittarc.com\/de\/#website","url":"https:\/\/www.pittarc.com\/de\/","name":"Pittarc","description":"Ecco un altro sito Gruppo Pittini","potentialAction":[{"@type":"SearchAction","target":{"@type":"EntryPoint","urlTemplate":"https:\/\/www.pittarc.com\/de\/?s={search_term_string}"},"query-input":{"@type":"PropertyValueSpecification","valueRequired":true,"valueName":"search_term_string"}}],"inLanguage":"de"}]}},"_links":{"self":[{"href":"https:\/\/www.pittarc.com\/de\/wp-json\/wp\/v2\/pages\/3086","targetHints":{"allow":["GET"]}}],"collection":[{"href":"https:\/\/www.pittarc.com\/de\/wp-json\/wp\/v2\/pages"}],"about":[{"href":"https:\/\/www.pittarc.com\/de\/wp-json\/wp\/v2\/types\/page"}],"author":[{"embeddable":true,"href":"https:\/\/www.pittarc.com\/de\/wp-json\/wp\/v2\/users\/1"}],"replies":[{"embeddable":true,"href":"https:\/\/www.pittarc.com\/de\/wp-json\/wp\/v2\/comments?post=3086"}],"version-history":[{"count":8,"href":"https:\/\/www.pittarc.com\/de\/wp-json\/wp\/v2\/pages\/3086\/revisions"}],"predecessor-version":[{"id":3203,"href":"https:\/\/www.pittarc.com\/de\/wp-json\/wp\/v2\/pages\/3086\/revisions\/3203"}],"wp:attachment":[{"href":"https:\/\/www.pittarc.com\/de\/wp-json\/wp\/v2\/media?parent=3086"}],"curies":[{"name":"wp","href":"https:\/\/api.w.org\/{rel}","templated":true}]}}