{"id":1468,"date":"2016-05-02T11:58:59","date_gmt":"2016-05-02T09:58:59","guid":{"rendered":"http:\/\/www.pittarc.pittini.it\/de\/produkte\/msg-schweissdrahte\/innov-arc\/"},"modified":"2022-08-29T13:29:31","modified_gmt":"2022-08-29T11:29:31","slug":"innov-arc","status":"publish","type":"page","link":"https:\/\/www.pittarc.com\/de\/produkte\/innov-arc\/","title":{"rendered":"INNOV-ARC"},"content":{"rendered":"<p style=\"text-align: justify\">Um die hohen Anforderungen des Marktes zu antizipieren, hat <a href=\"https:\/\/www.pittarc.com\/de\/unternehmen\/\">PITTARC<\/a> eine neue Linie von Dr\u00e4hten hergestellt, die f\u00fcr den Einsatz in den schwersten Bereichen geeignet ist. Diese neue Produktlinie wird als <strong>INNOV-ARC<\/strong> bezeichnet.<\/p>\n<p style=\"text-align: justify\">Bislang ist die Qualit\u00e4tsverbesserung der Schwei\u00dfdr\u00e4hte GMAW nur durch den direkten Eingriff auf dem Produktionsprozess gelangen. Der Hauptzweck ist eine gute Produktivit\u00e4t zu behalten und trotzdem hohe Produktionskosten zu vermeiden.<br \/>\nUm dieses Problem zu \u00fcberschreiten, hat PITTARC entschlossen,<strong> den Produktionsprozess unver\u00e4ndert zu behalten und nach der Skin-Pass Phase<\/strong>, eine weitere oberfl\u00e4chliche Behandlung durchzuf\u00fchren (die letzte Phase besteht aus Polier-Kalibrierung des Kupfers).<br \/>\nDiese Behandlung wird auf einer bestimmten Anlage gemacht und besteht aus einer gr\u00fcndlichen Reinigung des Kupfers, die eine besondere glatte Oberfl\u00e4che am Draht verleiht, zusammen mit einem reibungslosen Verlauf im Schlauch.<\/p>\n<h3>Die Vorteile von Innov-Arc Schwei\u00dfdr\u00e4hten:<\/h3>\n<ul>\n<li style=\"text-align: justify\">Ausgezeichnete Leistungen auch bei hohen Schwei\u00dfparameter<\/li>\n<li style=\"text-align: justify\">Perfekte Stabilit\u00e4t des Bogens mit einem geringen Reibungseffekt im Schlauch<\/li>\n<li style=\"text-align: justify\">Einwandfreier Drahtvorschub auch in langen F\u00fchrungsschl\u00e4uchen und bei hoher Vorschubgeschwindigkeit<\/li>\n<li style=\"text-align: justify\">Abwesenheit von Spritzer<\/li>\n<li style=\"text-align: justify\">Optimales Aussehen der Schwei\u00dfnaht<\/li>\n<li style=\"text-align: justify\">Reduzierung der D\u00fcsen-Benutzung<\/li>\n<li style=\"text-align: justify\">Geringere Stillst\u00e4nde f\u00fcr Schlauchreinigungen<\/li>\n<\/ul>\n<h3>Nachgewiesene hohe Schwei\u00dfleistung<\/h3>\n<p><img loading=\"lazy\" decoding=\"async\" class=\"wp-image-3036\" src=\"https:\/\/www.pittarc.com\/wp-content\/uploads\/sites\/3\/2022\/03\/Pittarc-grafico-saldatura-Innov-Arc.jpg\" alt=\"\" width=\"900\" height=\"709\" \/><\/p>\n<p style=\"text-align: justify\">Die INNOV-ARC Dr\u00e4hte wurden im <a href=\"https:\/\/www.pittini.it\/innovazione\/laboratori-acciaio\/\" target=\"_blank\" rel=\"noopener\">Labor<\/a> vom <strong>Italienischen Schwei\u00dfinstitut<\/strong> mit positiven Eindr\u00fccken und ausgezeichneten Anwendungsergebnissen getestet.<\/p>\n<p style=\"text-align: justify\"><strong>Diese oberfl\u00e4chliche Behandlung kann bei jeder Draht-Typologie<\/strong> durchgef\u00fchrt werden, abgesehen von der chemischen Zusammensetzung, vom Durchmesser und Verpackung.<\/p>\n","protected":false},"excerpt":{"rendered":"<p>Um die hohen Anforderungen des Marktes zu antizipieren, hat PITTARC eine neue Linie von Dr\u00e4hten hergestellt, die f\u00fcr den Einsatz in den schwersten Bereichen geeignet ist. Diese neue Produktlinie wird als INNOV-ARC bezeichnet. Bislang [&hellip;]<\/p>\n","protected":false},"author":11,"featured_media":4671,"parent":561,"menu_order":4,"comment_status":"closed","ping_status":"closed","template":"page-prodotto.php","meta":{"_acf_changed":false,"footnotes":""},"class_list":["post-1468","page","type-page","status-publish","has-post-thumbnail","hentry"],"acf":[],"yoast_head":"<!-- This site is optimized with the Yoast SEO plugin v27.4 - https:\/\/yoast.com\/product\/yoast-seo-wordpress\/ -->\n<title>Innov-Arc Schwei\u00dfdr\u00e4hte &#8211; Pittarc<\/title>\n<meta name=\"description\" content=\"Hervorragende Leistung: Die innovative Innov-Arc Schwei\u00dfdr\u00e4hte von Pittarc ist ideal f\u00fcr die anspruchsvollsten Anwendungen.\" \/>\n<meta name=\"robots\" content=\"index, follow, max-snippet:-1, max-image-preview:large, max-video-preview:-1\" \/>\n<link rel=\"canonical\" href=\"https:\/\/www.pittarc.com\/de\/produkte\/innov-arc\/\" \/>\n<meta property=\"og:locale\" content=\"de_DE\" \/>\n<meta property=\"og:type\" content=\"article\" \/>\n<meta property=\"og:title\" content=\"Innov-Arc Schwei\u00dfdr\u00e4hte &#8211; Pittarc\" \/>\n<meta property=\"og:description\" content=\"Hervorragende Leistung: Die innovative Innov-Arc Schwei\u00dfdr\u00e4hte von Pittarc ist ideal f\u00fcr die anspruchsvollsten Anwendungen.\" \/>\n<meta property=\"og:url\" content=\"https:\/\/www.pittarc.com\/de\/produkte\/innov-arc\/\" \/>\n<meta property=\"og:site_name\" content=\"Pittarc\" \/>\n<meta property=\"article:modified_time\" content=\"2022-08-29T11:29:31+00:00\" \/>\n<meta property=\"og:image\" content=\"https:\/\/www.pittarc.com\/wp-content\/uploads\/sites\/3\/2022\/03\/Pittarc-fili-saldatura-innovarc-header.jpg\" \/>\n\t<meta property=\"og:image:width\" content=\"1700\" \/>\n\t<meta property=\"og:image:height\" content=\"501\" \/>\n\t<meta property=\"og:image:type\" content=\"image\/jpeg\" \/>\n<meta name=\"twitter:label1\" content=\"Gesch\u00e4tzte Lesezeit\" \/>\n\t<meta name=\"twitter:data1\" content=\"2\u00a0Minuten\" \/>\n<script type=\"application\/ld+json\" class=\"yoast-schema-graph\">{\"@context\":\"https:\\\/\\\/schema.org\",\"@graph\":[{\"@type\":\"WebPage\",\"@id\":\"https:\\\/\\\/www.pittarc.com\\\/de\\\/produkte\\\/innov-arc\\\/\",\"url\":\"https:\\\/\\\/www.pittarc.com\\\/de\\\/produkte\\\/innov-arc\\\/\",\"name\":\"Innov-Arc Schwei\u00dfdr\u00e4hte &#8211; Pittarc\",\"isPartOf\":{\"@id\":\"https:\\\/\\\/www.pittarc.com\\\/de\\\/#website\"},\"primaryImageOfPage\":{\"@id\":\"https:\\\/\\\/www.pittarc.com\\\/de\\\/produkte\\\/innov-arc\\\/#primaryimage\"},\"image\":{\"@id\":\"https:\\\/\\\/www.pittarc.com\\\/de\\\/produkte\\\/innov-arc\\\/#primaryimage\"},\"thumbnailUrl\":\"https:\\\/\\\/www.pittarc.com\\\/wp-content\\\/uploads\\\/sites\\\/3\\\/2022\\\/03\\\/Pittarc-fili-saldatura-innovarc-header.jpg\",\"datePublished\":\"2016-05-02T09:58:59+00:00\",\"dateModified\":\"2022-08-29T11:29:31+00:00\",\"description\":\"Hervorragende Leistung: Die innovative Innov-Arc Schwei\u00dfdr\u00e4hte von Pittarc ist ideal f\u00fcr die anspruchsvollsten Anwendungen.\",\"breadcrumb\":{\"@id\":\"https:\\\/\\\/www.pittarc.com\\\/de\\\/produkte\\\/innov-arc\\\/#breadcrumb\"},\"inLanguage\":\"de\",\"potentialAction\":[{\"@type\":\"ReadAction\",\"target\":[\"https:\\\/\\\/www.pittarc.com\\\/de\\\/produkte\\\/innov-arc\\\/\"]}]},{\"@type\":\"ImageObject\",\"inLanguage\":\"de\",\"@id\":\"https:\\\/\\\/www.pittarc.com\\\/de\\\/produkte\\\/innov-arc\\\/#primaryimage\",\"url\":\"https:\\\/\\\/www.pittarc.com\\\/wp-content\\\/uploads\\\/sites\\\/3\\\/2022\\\/03\\\/Pittarc-fili-saldatura-innovarc-header.jpg\",\"contentUrl\":\"https:\\\/\\\/www.pittarc.com\\\/wp-content\\\/uploads\\\/sites\\\/3\\\/2022\\\/03\\\/Pittarc-fili-saldatura-innovarc-header.jpg\",\"width\":1700,\"height\":501,\"caption\":\"Innov-Arc schwei\u00dfdr\u00e4hten pittarc\"},{\"@type\":\"BreadcrumbList\",\"@id\":\"https:\\\/\\\/www.pittarc.com\\\/de\\\/produkte\\\/innov-arc\\\/#breadcrumb\",\"itemListElement\":[{\"@type\":\"ListItem\",\"position\":1,\"name\":\"Home\",\"item\":\"https:\\\/\\\/www.pittarc.com\\\/de\\\/\"},{\"@type\":\"ListItem\",\"position\":2,\"name\":\"Produkte\",\"item\":\"https:\\\/\\\/www.pittarc.com\\\/de\\\/produkte\\\/\"},{\"@type\":\"ListItem\",\"position\":3,\"name\":\"INNOV-ARC\"}]},{\"@type\":\"WebSite\",\"@id\":\"https:\\\/\\\/www.pittarc.com\\\/de\\\/#website\",\"url\":\"https:\\\/\\\/www.pittarc.com\\\/de\\\/\",\"name\":\"Pittarc\",\"description\":\"Ecco un altro sito Gruppo Pittini\",\"potentialAction\":[{\"@type\":\"SearchAction\",\"target\":{\"@type\":\"EntryPoint\",\"urlTemplate\":\"https:\\\/\\\/www.pittarc.com\\\/de\\\/?s={search_term_string}\"},\"query-input\":{\"@type\":\"PropertyValueSpecification\",\"valueRequired\":true,\"valueName\":\"search_term_string\"}}],\"inLanguage\":\"de\"}]}<\/script>\n<!-- \/ Yoast SEO plugin. -->","yoast_head_json":{"title":"Innov-Arc Schwei\u00dfdr\u00e4hte &#8211; Pittarc","description":"Hervorragende Leistung: Die innovative Innov-Arc Schwei\u00dfdr\u00e4hte von Pittarc ist ideal f\u00fcr die anspruchsvollsten Anwendungen.","robots":{"index":"index","follow":"follow","max-snippet":"max-snippet:-1","max-image-preview":"max-image-preview:large","max-video-preview":"max-video-preview:-1"},"canonical":"https:\/\/www.pittarc.com\/de\/produkte\/innov-arc\/","og_locale":"de_DE","og_type":"article","og_title":"Innov-Arc Schwei\u00dfdr\u00e4hte &#8211; Pittarc","og_description":"Hervorragende Leistung: Die innovative Innov-Arc Schwei\u00dfdr\u00e4hte von Pittarc ist ideal f\u00fcr die anspruchsvollsten Anwendungen.","og_url":"https:\/\/www.pittarc.com\/de\/produkte\/innov-arc\/","og_site_name":"Pittarc","article_modified_time":"2022-08-29T11:29:31+00:00","og_image":[{"width":1700,"height":501,"url":"https:\/\/www.pittarc.com\/wp-content\/uploads\/sites\/3\/2022\/03\/Pittarc-fili-saldatura-innovarc-header.jpg","type":"image\/jpeg"}],"twitter_misc":{"Gesch\u00e4tzte Lesezeit":"2\u00a0Minuten"},"schema":{"@context":"https:\/\/schema.org","@graph":[{"@type":"WebPage","@id":"https:\/\/www.pittarc.com\/de\/produkte\/innov-arc\/","url":"https:\/\/www.pittarc.com\/de\/produkte\/innov-arc\/","name":"Innov-Arc Schwei\u00dfdr\u00e4hte &#8211; Pittarc","isPartOf":{"@id":"https:\/\/www.pittarc.com\/de\/#website"},"primaryImageOfPage":{"@id":"https:\/\/www.pittarc.com\/de\/produkte\/innov-arc\/#primaryimage"},"image":{"@id":"https:\/\/www.pittarc.com\/de\/produkte\/innov-arc\/#primaryimage"},"thumbnailUrl":"https:\/\/www.pittarc.com\/wp-content\/uploads\/sites\/3\/2022\/03\/Pittarc-fili-saldatura-innovarc-header.jpg","datePublished":"2016-05-02T09:58:59+00:00","dateModified":"2022-08-29T11:29:31+00:00","description":"Hervorragende Leistung: Die innovative Innov-Arc Schwei\u00dfdr\u00e4hte von Pittarc ist ideal f\u00fcr die anspruchsvollsten Anwendungen.","breadcrumb":{"@id":"https:\/\/www.pittarc.com\/de\/produkte\/innov-arc\/#breadcrumb"},"inLanguage":"de","potentialAction":[{"@type":"ReadAction","target":["https:\/\/www.pittarc.com\/de\/produkte\/innov-arc\/"]}]},{"@type":"ImageObject","inLanguage":"de","@id":"https:\/\/www.pittarc.com\/de\/produkte\/innov-arc\/#primaryimage","url":"https:\/\/www.pittarc.com\/wp-content\/uploads\/sites\/3\/2022\/03\/Pittarc-fili-saldatura-innovarc-header.jpg","contentUrl":"https:\/\/www.pittarc.com\/wp-content\/uploads\/sites\/3\/2022\/03\/Pittarc-fili-saldatura-innovarc-header.jpg","width":1700,"height":501,"caption":"Innov-Arc schwei\u00dfdr\u00e4hten pittarc"},{"@type":"BreadcrumbList","@id":"https:\/\/www.pittarc.com\/de\/produkte\/innov-arc\/#breadcrumb","itemListElement":[{"@type":"ListItem","position":1,"name":"Home","item":"https:\/\/www.pittarc.com\/de\/"},{"@type":"ListItem","position":2,"name":"Produkte","item":"https:\/\/www.pittarc.com\/de\/produkte\/"},{"@type":"ListItem","position":3,"name":"INNOV-ARC"}]},{"@type":"WebSite","@id":"https:\/\/www.pittarc.com\/de\/#website","url":"https:\/\/www.pittarc.com\/de\/","name":"Pittarc","description":"Ecco un altro sito Gruppo Pittini","potentialAction":[{"@type":"SearchAction","target":{"@type":"EntryPoint","urlTemplate":"https:\/\/www.pittarc.com\/de\/?s={search_term_string}"},"query-input":{"@type":"PropertyValueSpecification","valueRequired":true,"valueName":"search_term_string"}}],"inLanguage":"de"}]}},"_links":{"self":[{"href":"https:\/\/www.pittarc.com\/de\/wp-json\/wp\/v2\/pages\/1468","targetHints":{"allow":["GET"]}}],"collection":[{"href":"https:\/\/www.pittarc.com\/de\/wp-json\/wp\/v2\/pages"}],"about":[{"href":"https:\/\/www.pittarc.com\/de\/wp-json\/wp\/v2\/types\/page"}],"author":[{"embeddable":true,"href":"https:\/\/www.pittarc.com\/de\/wp-json\/wp\/v2\/users\/11"}],"replies":[{"embeddable":true,"href":"https:\/\/www.pittarc.com\/de\/wp-json\/wp\/v2\/comments?post=1468"}],"version-history":[{"count":15,"href":"https:\/\/www.pittarc.com\/de\/wp-json\/wp\/v2\/pages\/1468\/revisions"}],"predecessor-version":[{"id":4823,"href":"https:\/\/www.pittarc.com\/de\/wp-json\/wp\/v2\/pages\/1468\/revisions\/4823"}],"up":[{"embeddable":true,"href":"https:\/\/www.pittarc.com\/de\/wp-json\/wp\/v2\/pages\/561"}],"wp:featuredmedia":[{"embeddable":true,"href":"https:\/\/www.pittarc.com\/de\/wp-json\/wp\/v2\/media\/4671"}],"wp:attachment":[{"href":"https:\/\/www.pittarc.com\/de\/wp-json\/wp\/v2\/media?parent=1468"}],"curies":[{"name":"wp","href":"https:\/\/api.w.org\/{rel}","templated":true}]}}